{"id":1789,"date":"2025-08-26T09:12:23","date_gmt":"2025-08-26T09:12:23","guid":{"rendered":"https:\/\/anti-slip-mat.com\/mentions-legales-vie-privee-politique-en-matiere-de-cookies-et-accessibilite\/"},"modified":"2025-10-15T15:26:52","modified_gmt":"2025-10-15T15:26:52","slug":"mentions-legales-vie-privee-politique-en-matiere-de-cookies-et-accessibilite","status":"publish","type":"page","link":"https:\/\/anti-slip-mat.com\/fr\/mentions-legales-vie-privee-politique-en-matiere-de-cookies-et-accessibilite\/","title":{"rendered":"Mentions l\u00e9gales &#8211; Vie priv\u00e9e, politique en mati\u00e8re de cookies et accessibilit\u00e9"},"content":{"rendered":"\n<h2 class=\"wp-block-heading has-ast-global-color-0-color has-text-color has-link-color has-large-font-size wp-elements-b476bc4b2ae3851a65b393675a64f6cf\">Propri\u00e9t\u00e9 et informations juridiques<\/h2>\n\n<p>Ce microsite est la propri\u00e9t\u00e9 de <strong>Casei Eco-System Srl<\/strong> (VAT IT01971050065) et fait partie de la m\u00eame entit\u00e9 corporative que le site principal <a href=\"https:\/\/www.caseiecosystem.com\">www.caseiecosystem.com<\/a>.<\/p>\n\n<p>Afin de garantir une transparence et une coh\u00e9rence totales, toutes les informations juridiques relatives au traitement des donn\u00e9es personnelles, \u00e0 l&rsquo;utilisation des cookies et aux normes d&rsquo;accessibilit\u00e9 renvoient aux documents officiels publi\u00e9s sur le site web principal de la soci\u00e9t\u00e9 m\u00e8re.<\/p>\n\n<p><strong>Les politiques suivantes s&rsquo;appliquent \u00e0 ce microsite :<\/strong><br\/><strong>&#8211; <a href=\"https:\/\/www.caseiecosystem.com\/en\/privacy-policy\/\"><mark style=\"background-color:rgba(0, 0, 0, 0)\" class=\"has-inline-color has-ast-global-color-0-color\">Politique de confidentialit\u00e9<\/mark><\/a><br\/>&#8211; <a href=\"https:\/\/www.caseiecosystem.com\/en\/cookies-policy\/\"><mark style=\"background-color:rgba(0, 0, 0, 0)\" class=\"has-inline-color has-ast-global-color-0-color\">Politique en mati\u00e8re de cookies<\/mark><\/a><br\/>&#8211; <a href=\"https:\/\/www.caseiecosystem.com\/en\/accessibility\/\"><mark style=\"background-color:rgba(0, 0, 0, 0)\" class=\"has-inline-color has-ast-global-color-0-color\">D\u00e9claration d&rsquo;accessibilit\u00e9<\/mark><\/a><\/strong><\/p>\n\n<p>Les politiques susmentionn\u00e9es <strong>s&rsquo;appliquent pleinement \u00e0 ce microsite<\/strong>, puisque le responsable du traitement, les m\u00e9thodes de traitement et les finalit\u00e9s sont les m\u00eames.<\/p>\n\n<p>Pour toute information compl\u00e9mentaire ou clarification, veuillez vous r\u00e9f\u00e9rer aux pages ci-dessus ou contacter Casei Eco-System Srl en utilisant les coordonn\u00e9es disponibles sur la page <a href=\"https:\/\/anti-slip-mat.com\/fr\/contactez-nous-demandez-aux-experts-en-tapis-antiderapants\/\">Contactez-nous<\/a> de ce site.<\/p>\n\n<p><\/p>\n","protected":false},"excerpt":{"rendered":"<p>Propri\u00e9t\u00e9 et informations juridiques Ce microsite est la propri\u00e9t\u00e9 de Casei Eco-System Srl (VAT IT01971050065) et fait partie de la m\u00eame entit\u00e9 corporative que le site principal www.caseiecosystem.com. Afin de garantir une transparence et une coh\u00e9rence totales, toutes les informations juridiques relatives au traitement des donn\u00e9es personnelles, \u00e0 l&rsquo;utilisation des cookies et aux normes d&rsquo;accessibilit\u00e9 [&hellip;]<\/p>\n","protected":false},"author":1,"featured_media":0,"parent":0,"menu_order":0,"comment_status":"closed","ping_status":"closed","template":"","meta":{"_uag_custom_page_level_css":"","site-sidebar-layout":"default","site-content-layout":"","ast-site-content-layout":"default","site-content-style":"default","site-sidebar-style":"default","ast-global-header-display":"","ast-banner-title-visibility":"","ast-main-header-display":"","ast-hfb-above-header-display":"","ast-hfb-below-header-display":"","ast-hfb-mobile-header-display":"","site-post-title":"","ast-breadcrumbs-content":"","ast-featured-img":"","footer-sml-layout":"","ast-disable-related-posts":"","theme-transparent-header-meta":"","adv-header-id-meta":"","stick-header-meta":"","header-above-stick-meta":"","header-main-stick-meta":"","header-below-stick-meta":"","astra-migrate-meta-layouts":"default","ast-page-background-enabled":"default","ast-page-background-meta":{"desktop":{"background-color":"var(--ast-global-color-4)","background-image":"","background-repeat":"repeat","background-position":"center center","background-size":"auto","background-attachment":"scroll","background-type":"","background-media":"","overlay-type":"","overlay-color":"","overlay-opacity":"","overlay-gradient":""},"tablet":{"background-color":"","background-image":"","background-repeat":"repeat","background-position":"center center","background-size":"auto","background-attachment":"scroll","background-type":"","background-media":"","overlay-type":"","overlay-color":"","overlay-opacity":"","overlay-gradient":""},"mobile":{"background-color":"","background-image":"","background-repeat":"repeat","background-position":"center center","background-size":"auto","background-attachment":"scroll","background-type":"","background-media":"","overlay-type":"","overlay-color":"","overlay-opacity":"","overlay-gradient":""}},"ast-content-background-meta":{"desktop":{"background-color":"var(--ast-global-color-5)","background-image":"","background-repeat":"repeat","background-position":"center center","background-size":"auto","background-attachment":"scroll","background-type":"","background-media":"","overlay-type":"","overlay-color":"","overlay-opacity":"","overlay-gradient":""},"tablet":{"background-color":"var(--ast-global-color-5)","background-image":"","background-repeat":"repeat","background-position":"center center","background-size":"auto","background-attachment":"scroll","background-type":"","background-media":"","overlay-type":"","overlay-color":"","overlay-opacity":"","overlay-gradient":""},"mobile":{"background-color":"var(--ast-global-color-5)","background-image":"","background-repeat":"repeat","background-position":"center center","background-size":"auto","background-attachment":"scroll","background-type":"","background-media":"","overlay-type":"","overlay-color":"","overlay-opacity":"","overlay-gradient":""}},"footnotes":""},"class_list":["post-1789","page","type-page","status-publish","hentry"],"yoast_head":"<!-- This site is optimized with the Yoast SEO plugin v27.4 - https:\/\/yoast.com\/product\/yoast-seo-wordpress\/ -->\n<title>D\u00e9couvrez nos politiques en mati\u00e8re de confidentialit\u00e9, de cookies et d&#039;accessibilit\u00e9<\/title>\n<meta name=\"description\" content=\"Mentions l\u00e9gales avec confidentialit\u00e9, politique en mati\u00e8re de cookies et informations sur l&#039;accessibilit\u00e9. L&#039;\u00e9co-syst\u00e8me Casei garantit la transparence et la conformit\u00e9 pour tous les utilisateurs.\" \/>\n<meta name=\"robots\" content=\"index, follow, max-snippet:-1, max-image-preview:large, max-video-preview:-1\" \/>\n<link rel=\"canonical\" href=\"https:\/\/anti-slip-mat.com\/fr\/mentions-legales-vie-privee-politique-en-matiere-de-cookies-et-accessibilite\/\" \/>\n<meta property=\"og:locale\" content=\"fr_FR\" \/>\n<meta property=\"og:type\" content=\"article\" \/>\n<meta property=\"og:title\" content=\"D\u00e9couvrez nos politiques en mati\u00e8re de confidentialit\u00e9, de cookies et d&#039;accessibilit\u00e9\" \/>\n<meta property=\"og:description\" content=\"Mentions l\u00e9gales avec confidentialit\u00e9, politique en mati\u00e8re de cookies et informations sur l&#039;accessibilit\u00e9. L&#039;\u00e9co-syst\u00e8me Casei garantit la transparence et la conformit\u00e9 pour tous les utilisateurs.\" \/>\n<meta property=\"og:url\" content=\"https:\/\/anti-slip-mat.com\/fr\/mentions-legales-vie-privee-politique-en-matiere-de-cookies-et-accessibilite\/\" \/>\n<meta property=\"og:site_name\" content=\"anti-slip-mat.com\" \/>\n<meta property=\"article:modified_time\" content=\"2025-10-15T15:26:52+00:00\" \/>\n<meta name=\"twitter:card\" content=\"summary_large_image\" \/>\n<meta name=\"twitter:label1\" content=\"Dur\u00e9e de lecture estim\u00e9e\" \/>\n\t<meta name=\"twitter:data1\" content=\"1 minute\" \/>\n<script type=\"application\/ld+json\" class=\"yoast-schema-graph\">{\"@context\":\"https:\\\/\\\/schema.org\",\"@graph\":[{\"@type\":\"WebPage\",\"@id\":\"https:\\\/\\\/anti-slip-mat.com\\\/fr\\\/mentions-legales-vie-privee-politique-en-matiere-de-cookies-et-accessibilite\\\/\",\"url\":\"https:\\\/\\\/anti-slip-mat.com\\\/fr\\\/mentions-legales-vie-privee-politique-en-matiere-de-cookies-et-accessibilite\\\/\",\"name\":\"D\u00e9couvrez nos politiques en mati\u00e8re de confidentialit\u00e9, de cookies et d'accessibilit\u00e9\",\"isPartOf\":{\"@id\":\"https:\\\/\\\/anti-slip-mat.com\\\/fr\\\/#website\"},\"datePublished\":\"2025-08-26T09:12:23+00:00\",\"dateModified\":\"2025-10-15T15:26:52+00:00\",\"description\":\"Mentions l\u00e9gales avec confidentialit\u00e9, politique en mati\u00e8re de cookies et informations sur l'accessibilit\u00e9. L'\u00e9co-syst\u00e8me Casei garantit la transparence et la conformit\u00e9 pour tous les utilisateurs.\",\"breadcrumb\":{\"@id\":\"https:\\\/\\\/anti-slip-mat.com\\\/fr\\\/mentions-legales-vie-privee-politique-en-matiere-de-cookies-et-accessibilite\\\/#breadcrumb\"},\"inLanguage\":\"fr-FR\",\"potentialAction\":[{\"@type\":\"ReadAction\",\"target\":[\"https:\\\/\\\/anti-slip-mat.com\\\/fr\\\/mentions-legales-vie-privee-politique-en-matiere-de-cookies-et-accessibilite\\\/\"]}]},{\"@type\":\"BreadcrumbList\",\"@id\":\"https:\\\/\\\/anti-slip-mat.com\\\/fr\\\/mentions-legales-vie-privee-politique-en-matiere-de-cookies-et-accessibilite\\\/#breadcrumb\",\"itemListElement\":[{\"@type\":\"ListItem\",\"position\":1,\"name\":\"Accueil\",\"item\":\"https:\\\/\\\/anti-slip-mat.com\\\/fr\\\/\"},{\"@type\":\"ListItem\",\"position\":2,\"name\":\"Mentions l\u00e9gales &#8211; Vie priv\u00e9e, politique en mati\u00e8re de cookies et accessibilit\u00e9\"}]},{\"@type\":\"WebSite\",\"@id\":\"https:\\\/\\\/anti-slip-mat.com\\\/fr\\\/#website\",\"url\":\"https:\\\/\\\/anti-slip-mat.com\\\/fr\\\/\",\"name\":\"anti-slip-mat.com\",\"description\":\"\",\"publisher\":{\"@id\":\"https:\\\/\\\/anti-slip-mat.com\\\/fr\\\/#organization\"},\"potentialAction\":[{\"@type\":\"SearchAction\",\"target\":{\"@type\":\"EntryPoint\",\"urlTemplate\":\"https:\\\/\\\/anti-slip-mat.com\\\/fr\\\/?s={search_term_string}\"},\"query-input\":{\"@type\":\"PropertyValueSpecification\",\"valueRequired\":true,\"valueName\":\"search_term_string\"}}],\"inLanguage\":\"fr-FR\"},{\"@type\":\"Organization\",\"@id\":\"https:\\\/\\\/anti-slip-mat.com\\\/fr\\\/#organization\",\"name\":\"anti-slip-mat.com\",\"url\":\"https:\\\/\\\/anti-slip-mat.com\\\/fr\\\/\",\"logo\":{\"@type\":\"ImageObject\",\"inLanguage\":\"fr-FR\",\"@id\":\"https:\\\/\\\/anti-slip-mat.com\\\/fr\\\/#\\\/schema\\\/logo\\\/image\\\/\",\"url\":\"https:\\\/\\\/anti-slip-mat.com\\\/wp-content\\\/uploads\\\/2025\\\/08\\\/CASEI-ECO-SYSTEM-LOGO-1-scaled.png\",\"contentUrl\":\"https:\\\/\\\/anti-slip-mat.com\\\/wp-content\\\/uploads\\\/2025\\\/08\\\/CASEI-ECO-SYSTEM-LOGO-1-scaled.png\",\"width\":2560,\"height\":521,\"caption\":\"anti-slip-mat.com\"},\"image\":{\"@id\":\"https:\\\/\\\/anti-slip-mat.com\\\/fr\\\/#\\\/schema\\\/logo\\\/image\\\/\"},\"sameAs\":[\"https:\\\/\\\/www.linkedin.com\\\/company\\\/casei-eco-system-srl\\\/\",\"https:\\\/\\\/www.instagram.com\\\/casei_eco_system\\\/\"]}]}<\/script>\n<!-- \/ Yoast SEO plugin. -->","yoast_head_json":{"title":"D\u00e9couvrez nos politiques en mati\u00e8re de confidentialit\u00e9, de cookies et d'accessibilit\u00e9","description":"Mentions l\u00e9gales avec confidentialit\u00e9, politique en mati\u00e8re de cookies et informations sur l'accessibilit\u00e9. L'\u00e9co-syst\u00e8me Casei garantit la transparence et la conformit\u00e9 pour tous les utilisateurs.","robots":{"index":"index","follow":"follow","max-snippet":"max-snippet:-1","max-image-preview":"max-image-preview:large","max-video-preview":"max-video-preview:-1"},"canonical":"https:\/\/anti-slip-mat.com\/fr\/mentions-legales-vie-privee-politique-en-matiere-de-cookies-et-accessibilite\/","og_locale":"fr_FR","og_type":"article","og_title":"D\u00e9couvrez nos politiques en mati\u00e8re de confidentialit\u00e9, de cookies et d'accessibilit\u00e9","og_description":"Mentions l\u00e9gales avec confidentialit\u00e9, politique en mati\u00e8re de cookies et informations sur l'accessibilit\u00e9. L'\u00e9co-syst\u00e8me Casei garantit la transparence et la conformit\u00e9 pour tous les utilisateurs.","og_url":"https:\/\/anti-slip-mat.com\/fr\/mentions-legales-vie-privee-politique-en-matiere-de-cookies-et-accessibilite\/","og_site_name":"anti-slip-mat.com","article_modified_time":"2025-10-15T15:26:52+00:00","twitter_card":"summary_large_image","twitter_misc":{"Dur\u00e9e de lecture estim\u00e9e":"1 minute"},"schema":{"@context":"https:\/\/schema.org","@graph":[{"@type":"WebPage","@id":"https:\/\/anti-slip-mat.com\/fr\/mentions-legales-vie-privee-politique-en-matiere-de-cookies-et-accessibilite\/","url":"https:\/\/anti-slip-mat.com\/fr\/mentions-legales-vie-privee-politique-en-matiere-de-cookies-et-accessibilite\/","name":"D\u00e9couvrez nos politiques en mati\u00e8re de confidentialit\u00e9, de cookies et d'accessibilit\u00e9","isPartOf":{"@id":"https:\/\/anti-slip-mat.com\/fr\/#website"},"datePublished":"2025-08-26T09:12:23+00:00","dateModified":"2025-10-15T15:26:52+00:00","description":"Mentions l\u00e9gales avec confidentialit\u00e9, politique en mati\u00e8re de cookies et informations sur l'accessibilit\u00e9. L'\u00e9co-syst\u00e8me Casei garantit la transparence et la conformit\u00e9 pour tous les utilisateurs.","breadcrumb":{"@id":"https:\/\/anti-slip-mat.com\/fr\/mentions-legales-vie-privee-politique-en-matiere-de-cookies-et-accessibilite\/#breadcrumb"},"inLanguage":"fr-FR","potentialAction":[{"@type":"ReadAction","target":["https:\/\/anti-slip-mat.com\/fr\/mentions-legales-vie-privee-politique-en-matiere-de-cookies-et-accessibilite\/"]}]},{"@type":"BreadcrumbList","@id":"https:\/\/anti-slip-mat.com\/fr\/mentions-legales-vie-privee-politique-en-matiere-de-cookies-et-accessibilite\/#breadcrumb","itemListElement":[{"@type":"ListItem","position":1,"name":"Accueil","item":"https:\/\/anti-slip-mat.com\/fr\/"},{"@type":"ListItem","position":2,"name":"Mentions l\u00e9gales &#8211; Vie priv\u00e9e, politique en mati\u00e8re de cookies et accessibilit\u00e9"}]},{"@type":"WebSite","@id":"https:\/\/anti-slip-mat.com\/fr\/#website","url":"https:\/\/anti-slip-mat.com\/fr\/","name":"anti-slip-mat.com","description":"","publisher":{"@id":"https:\/\/anti-slip-mat.com\/fr\/#organization"},"potentialAction":[{"@type":"SearchAction","target":{"@type":"EntryPoint","urlTemplate":"https:\/\/anti-slip-mat.com\/fr\/?s={search_term_string}"},"query-input":{"@type":"PropertyValueSpecification","valueRequired":true,"valueName":"search_term_string"}}],"inLanguage":"fr-FR"},{"@type":"Organization","@id":"https:\/\/anti-slip-mat.com\/fr\/#organization","name":"anti-slip-mat.com","url":"https:\/\/anti-slip-mat.com\/fr\/","logo":{"@type":"ImageObject","inLanguage":"fr-FR","@id":"https:\/\/anti-slip-mat.com\/fr\/#\/schema\/logo\/image\/","url":"https:\/\/anti-slip-mat.com\/wp-content\/uploads\/2025\/08\/CASEI-ECO-SYSTEM-LOGO-1-scaled.png","contentUrl":"https:\/\/anti-slip-mat.com\/wp-content\/uploads\/2025\/08\/CASEI-ECO-SYSTEM-LOGO-1-scaled.png","width":2560,"height":521,"caption":"anti-slip-mat.com"},"image":{"@id":"https:\/\/anti-slip-mat.com\/fr\/#\/schema\/logo\/image\/"},"sameAs":["https:\/\/www.linkedin.com\/company\/casei-eco-system-srl\/","https:\/\/www.instagram.com\/casei_eco_system\/"]}]}},"uagb_featured_image_src":{"full":false,"thumbnail":false,"medium":false,"medium_large":false,"large":false,"1536x1536":false,"2048x2048":false},"uagb_author_info":{"display_name":"marketing@caseiecosystem.com","author_link":"https:\/\/anti-slip-mat.com\/fr\/author\/marketingcaseiecosystem-com\/"},"uagb_comment_info":0,"uagb_excerpt":"Propri\u00e9t\u00e9 et informations juridiques Ce microsite est la propri\u00e9t\u00e9 de Casei Eco-System Srl (VAT IT01971050065) et fait partie de la m\u00eame entit\u00e9 corporative que le site principal www.caseiecosystem.com. Afin de garantir une transparence et une coh\u00e9rence totales, toutes les informations juridiques relatives au traitement des donn\u00e9es personnelles, \u00e0 l&rsquo;utilisation des cookies et aux normes d&rsquo;accessibilit\u00e9\u2026","_links":{"self":[{"href":"https:\/\/anti-slip-mat.com\/fr\/wp-json\/wp\/v2\/pages\/1789","targetHints":{"allow":["GET"]}}],"collection":[{"href":"https:\/\/anti-slip-mat.com\/fr\/wp-json\/wp\/v2\/pages"}],"about":[{"href":"https:\/\/anti-slip-mat.com\/fr\/wp-json\/wp\/v2\/types\/page"}],"author":[{"embeddable":true,"href":"https:\/\/anti-slip-mat.com\/fr\/wp-json\/wp\/v2\/users\/1"}],"replies":[{"embeddable":true,"href":"https:\/\/anti-slip-mat.com\/fr\/wp-json\/wp\/v2\/comments?post=1789"}],"version-history":[{"count":1,"href":"https:\/\/anti-slip-mat.com\/fr\/wp-json\/wp\/v2\/pages\/1789\/revisions"}],"predecessor-version":[{"id":1790,"href":"https:\/\/anti-slip-mat.com\/fr\/wp-json\/wp\/v2\/pages\/1789\/revisions\/1790"}],"wp:attachment":[{"href":"https:\/\/anti-slip-mat.com\/fr\/wp-json\/wp\/v2\/media?parent=1789"}],"curies":[{"name":"wp","href":"https:\/\/api.w.org\/{rel}","templated":true}]}}