{"id":1784,"date":"2025-08-22T10:58:29","date_gmt":"2025-08-22T10:58:29","guid":{"rendered":"https:\/\/anti-slip-mat.com\/contactez-nous-demandez-aux-experts-en-tapis-antiderapants\/"},"modified":"2025-10-15T15:26:53","modified_gmt":"2025-10-15T15:26:53","slug":"contactez-nous-demandez-aux-experts-en-tapis-antiderapants","status":"publish","type":"page","link":"https:\/\/anti-slip-mat.com\/fr\/contactez-nous-demandez-aux-experts-en-tapis-antiderapants\/","title":{"rendered":"Contactez-nous &#8211; Demandez aux experts en tapis antid\u00e9rapants"},"content":{"rendered":"\n<h2 class=\"wp-block-heading has-ast-global-color-0-color has-text-color has-link-color has-large-font-size wp-elements-dbed67162667729ca3319d6d6f1d505d\">Pourquoi s&rsquo;adresser \u00e0 Casei Eco-System ?<\/h2>\n\n<p>Avec plus de 20 ans d&rsquo;exp\u00e9rience dans les solutions de caoutchouc recycl\u00e9, Casei Eco-System soutient les installateurs, les distributeurs et les soci\u00e9t\u00e9s de logistique \u00e0 travers l&rsquo;Europe. Nos tapis antid\u00e9rapants sont le r\u00e9sultat d&rsquo;une production Made in Italy, alliant <strong>s\u00e9curit\u00e9<\/strong>, <strong>qualit\u00e9<\/strong> et <strong>prix comp\u00e9titifs<\/strong>. <\/p>\n\n<p>En nous contactant, vous gagnez :<\/p>\n\n<ul class=\"wp-block-list\">\n<li><strong>Un soutien sur mesure<\/strong> pour votre type de fret et vos besoins logistiques sp\u00e9cifiques.<\/li>\n\n\n\n<li><strong>Assistance rapide et fiable<\/strong> pour la s\u00e9lection et l&rsquo;exp\u00e9dition des produits.<\/li>\n\n\n\n<li><strong>Des solutions durables<\/strong>, fabriqu\u00e9es \u00e0 partir de caoutchouc recycl\u00e9.<\/li>\n<\/ul>\n\n<div class=\"wp-block-uagb-container uagb-block-9cf18af3 alignfull uagb-is-root-container\"><div class=\"uagb-container-inner-blocks-wrap\">\n<div class=\"wp-block-uagb-container uagb-block-effad734\">\n<div class=\"wp-block-uagb-separator uagb-block-c5b40fbd\"><div class=\"wp-block-uagb-separator__inner\" style=\"--my-background-image:\"><\/div><\/div>\n<\/div>\n\n\n\n<div class=\"wp-block-uagb-container uagb-block-c6ed3bb0\">\n<div class=\"wp-block-uagb-image aligncenter uagb-block-d7513a2d wp-block-uagb-image--layout-default wp-block-uagb-image--effect-static wp-block-uagb-image--align-center\"><figure class=\"wp-block-uagb-image__figure\"><img decoding=\"async\" srcset=\"https:\/\/anti-slip-mat.com\/wp-content\/uploads\/2025\/08\/CASEI-ECO-SYSTEM-LOGO-1-300x61.png ,https:\/\/anti-slip-mat.com\/wp-content\/uploads\/2025\/08\/CASEI-ECO-SYSTEM-LOGO-1-scaled.png 780w, https:\/\/anti-slip-mat.com\/wp-content\/uploads\/2025\/08\/CASEI-ECO-SYSTEM-LOGO-1-scaled.png 360w\" sizes=\"auto, (max-width: 480px) 150px\" src=\"https:\/\/anti-slip-mat.com\/wp-content\/uploads\/2025\/08\/CASEI-ECO-SYSTEM-LOGO-1-300x61.png\" alt=\"\" class=\"uag-image-1265\" width=\"300\" height=\"61\" title=\"ECO-SYSTEME CASEI - LOGO\" loading=\"lazy\" role=\"img\"><\/figure><\/div>\n<\/div>\n\n\n\n<div class=\"wp-block-uagb-container uagb-block-a8af813d\">\n<div class=\"wp-block-uagb-separator uagb-block-1f1efa60\"><div class=\"wp-block-uagb-separator__inner\" style=\"--my-background-image:\"><\/div><\/div>\n<\/div>\n<\/div><\/div>\n\n<h2 class=\"wp-block-heading has-ast-global-color-0-color has-text-color has-link-color has-large-font-size wp-elements-f8330e8a25df08d2f9ccd60cddb3eb04\">Coordonn\u00e9es<\/h2>\n\n<p><strong>Casei Eco-System Srl<\/strong><br\/>N\u00b0 de TVA &#8211; IT01971050065<\/p>\n\n<ul class=\"wp-block-list\">\n<li><strong>Si\u00e8ge social :<\/strong><br\/>C.so Italia, 45 &#8211; 20122 Milano (MI) &#8211; Italie<\/li>\n\n\n\n<li><strong>Usine de production &#8211; Molino dei Torti (AL) :<\/strong><br\/>Via Sorelle Carena, 4 &#8211; 15050 Molino dei Torti (AL) &#8211; Italie<\/li>\n\n\n\n<li><strong>Usine de production &#8211; Monteprandone (AP) :<\/strong><br\/>Via dell&rsquo;Industria, 50 &#8211; 63076 Monteprandone (AP) &#8211; Italie<\/li>\n<\/ul>\n\n<p><strong>T\u00e9l\u00e9phone :<\/strong> <a href=\"tel:+390131854022\">+39 0131 854022<\/a><br\/><strong>Courriel :<\/strong> <a href=\"mailto:%20commerciale@caseiecosystem.com\">info@<\/a><a href=\"mailto:%20info@anti-slip-mat.com\">anti-slip-mat.com<\/a><\/p>\n\n<div class=\"wp-block-uagb-separator uagb-block-5d544829\"><div class=\"uagb-separator-spacing-wrapper\"><div class=\"wp-block-uagb-separator__inner\" style=\"--my-background-image:\"><\/div><\/div><\/div>\n\n<div class=\"wp-block-uagb-call-to-action uagb-block-e3607c54 wp-block-button\"><div class=\"uagb-cta__wrap\"><h3 class=\"uagb-cta__title\">D\u00e9couvrez tous nos produits<\/h3><p class=\"uagb-cta__desc\">Des tapis antid\u00e9rapants aux surfaces de jeux et aux sols sportifs, Casei Eco-System d\u00e9veloppe une gamme compl\u00e8te de produits en caoutchouc recycl\u00e9. D\u00e9couvrez notre portefeuille complet. <\/p><\/div><div class=\"uagb-cta__buttons\"><a href=\"https:\/\/www.caseiecosystem.com\/en\/\" class=\"uagb-cta__button-link-wrapper wp-block-button__link\" target=\"_self\" rel=\"noopener noreferrer\">Visiter  <\/a><\/div><\/div>\n\n<p><\/p>\n","protected":false},"excerpt":{"rendered":"<p>Pourquoi s&rsquo;adresser \u00e0 Casei Eco-System ? Avec plus de 20 ans d&rsquo;exp\u00e9rience dans les solutions de caoutchouc recycl\u00e9, Casei Eco-System soutient les installateurs, les distributeurs et les soci\u00e9t\u00e9s de logistique \u00e0 travers l&rsquo;Europe. Nos tapis antid\u00e9rapants sont le r\u00e9sultat d&rsquo;une production Made in Italy, alliant s\u00e9curit\u00e9, qualit\u00e9 et prix comp\u00e9titifs. En nous contactant, vous gagnez [&hellip;]<\/p>\n","protected":false},"author":1,"featured_media":0,"parent":0,"menu_order":0,"comment_status":"closed","ping_status":"closed","template":"","meta":{"_uag_custom_page_level_css":"","site-sidebar-layout":"default","site-content-layout":"","ast-site-content-layout":"default","site-content-style":"default","site-sidebar-style":"default","ast-global-header-display":"","ast-banner-title-visibility":"","ast-main-header-display":"","ast-hfb-above-header-display":"","ast-hfb-below-header-display":"","ast-hfb-mobile-header-display":"","site-post-title":"","ast-breadcrumbs-content":"","ast-featured-img":"","footer-sml-layout":"","ast-disable-related-posts":"","theme-transparent-header-meta":"","adv-header-id-meta":"","stick-header-meta":"","header-above-stick-meta":"","header-main-stick-meta":"","header-below-stick-meta":"","astra-migrate-meta-layouts":"default","ast-page-background-enabled":"default","ast-page-background-meta":{"desktop":{"background-color":"var(--ast-global-color-4)","background-image":"","background-repeat":"repeat","background-position":"center center","background-size":"auto","background-attachment":"scroll","background-type":"","background-media":"","overlay-type":"","overlay-color":"","overlay-opacity":"","overlay-gradient":""},"tablet":{"background-color":"","background-image":"","background-repeat":"repeat","background-position":"center center","background-size":"auto","background-attachment":"scroll","background-type":"","background-media":"","overlay-type":"","overlay-color":"","overlay-opacity":"","overlay-gradient":""},"mobile":{"background-color":"","background-image":"","background-repeat":"repeat","background-position":"center center","background-size":"auto","background-attachment":"scroll","background-type":"","background-media":"","overlay-type":"","overlay-color":"","overlay-opacity":"","overlay-gradient":""}},"ast-content-background-meta":{"desktop":{"background-color":"var(--ast-global-color-5)","background-image":"","background-repeat":"repeat","background-position":"center center","background-size":"auto","background-attachment":"scroll","background-type":"","background-media":"","overlay-type":"","overlay-color":"","overlay-opacity":"","overlay-gradient":""},"tablet":{"background-color":"var(--ast-global-color-5)","background-image":"","background-repeat":"repeat","background-position":"center center","background-size":"auto","background-attachment":"scroll","background-type":"","background-media":"","overlay-type":"","overlay-color":"","overlay-opacity":"","overlay-gradient":""},"mobile":{"background-color":"var(--ast-global-color-5)","background-image":"","background-repeat":"repeat","background-position":"center center","background-size":"auto","background-attachment":"scroll","background-type":"","background-media":"","overlay-type":"","overlay-color":"","overlay-opacity":"","overlay-gradient":""}},"footnotes":""},"class_list":["post-1784","page","type-page","status-publish","hentry"],"yoast_head":"<!-- This site is optimized with the Yoast SEO plugin v27.4 - https:\/\/yoast.com\/product\/yoast-seo-wordpress\/ -->\n<title>Contactez notre \u00e9quipe de sp\u00e9cialistes des tapis antid\u00e9rapants pour des solutions sur mesure<\/title>\n<meta name=\"description\" content=\"Contactez-nous pour contacter nos experts en tapis antid\u00e9rapants pour des conseils, des devis et une assistance sur la s\u00e9curit\u00e9 des charges et les solutions d&#039;arrimage des cargaisons.\" \/>\n<meta name=\"robots\" content=\"index, follow, max-snippet:-1, max-image-preview:large, max-video-preview:-1\" \/>\n<link rel=\"canonical\" href=\"https:\/\/anti-slip-mat.com\/fr\/contactez-nous-demandez-aux-experts-en-tapis-antiderapants\/\" \/>\n<meta property=\"og:locale\" content=\"fr_FR\" \/>\n<meta property=\"og:type\" content=\"article\" \/>\n<meta property=\"og:title\" content=\"Contactez notre \u00e9quipe de sp\u00e9cialistes des tapis antid\u00e9rapants pour des solutions sur mesure\" \/>\n<meta property=\"og:description\" content=\"Contactez-nous pour contacter nos experts en tapis antid\u00e9rapants pour des conseils, des devis et une assistance sur la s\u00e9curit\u00e9 des charges et les solutions d&#039;arrimage des cargaisons.\" \/>\n<meta property=\"og:url\" content=\"https:\/\/anti-slip-mat.com\/fr\/contactez-nous-demandez-aux-experts-en-tapis-antiderapants\/\" \/>\n<meta property=\"og:site_name\" content=\"anti-slip-mat.com\" \/>\n<meta property=\"article:modified_time\" content=\"2025-10-15T15:26:53+00:00\" \/>\n<meta property=\"og:image\" content=\"https:\/\/anti-slip-mat.com\/wp-content\/uploads\/2025\/08\/CASEI-ECO-SYSTEM-LOGO-1-300x61.png\" \/>\n<meta name=\"twitter:card\" content=\"summary_large_image\" \/>\n<meta name=\"twitter:label1\" content=\"Dur\u00e9e de lecture estim\u00e9e\" \/>\n\t<meta name=\"twitter:data1\" content=\"1 minute\" \/>\n<script type=\"application\/ld+json\" class=\"yoast-schema-graph\">{\"@context\":\"https:\\\/\\\/schema.org\",\"@graph\":[{\"@type\":\"WebPage\",\"@id\":\"https:\\\/\\\/anti-slip-mat.com\\\/fr\\\/contactez-nous-demandez-aux-experts-en-tapis-antiderapants\\\/\",\"url\":\"https:\\\/\\\/anti-slip-mat.com\\\/fr\\\/contactez-nous-demandez-aux-experts-en-tapis-antiderapants\\\/\",\"name\":\"Contactez notre \u00e9quipe de sp\u00e9cialistes des tapis antid\u00e9rapants pour des solutions sur mesure\",\"isPartOf\":{\"@id\":\"https:\\\/\\\/anti-slip-mat.com\\\/fr\\\/#website\"},\"primaryImageOfPage\":{\"@id\":\"https:\\\/\\\/anti-slip-mat.com\\\/fr\\\/contactez-nous-demandez-aux-experts-en-tapis-antiderapants\\\/#primaryimage\"},\"image\":{\"@id\":\"https:\\\/\\\/anti-slip-mat.com\\\/fr\\\/contactez-nous-demandez-aux-experts-en-tapis-antiderapants\\\/#primaryimage\"},\"thumbnailUrl\":\"https:\\\/\\\/anti-slip-mat.com\\\/wp-content\\\/uploads\\\/2025\\\/08\\\/CASEI-ECO-SYSTEM-LOGO-1-300x61.png\",\"datePublished\":\"2025-08-22T10:58:29+00:00\",\"dateModified\":\"2025-10-15T15:26:53+00:00\",\"description\":\"Contactez-nous pour contacter nos experts en tapis antid\u00e9rapants pour des conseils, des devis et une assistance sur la s\u00e9curit\u00e9 des charges et les solutions d'arrimage des cargaisons.\",\"breadcrumb\":{\"@id\":\"https:\\\/\\\/anti-slip-mat.com\\\/fr\\\/contactez-nous-demandez-aux-experts-en-tapis-antiderapants\\\/#breadcrumb\"},\"inLanguage\":\"fr-FR\",\"potentialAction\":[{\"@type\":\"ReadAction\",\"target\":[\"https:\\\/\\\/anti-slip-mat.com\\\/fr\\\/contactez-nous-demandez-aux-experts-en-tapis-antiderapants\\\/\"]}]},{\"@type\":\"ImageObject\",\"inLanguage\":\"fr-FR\",\"@id\":\"https:\\\/\\\/anti-slip-mat.com\\\/fr\\\/contactez-nous-demandez-aux-experts-en-tapis-antiderapants\\\/#primaryimage\",\"url\":\"https:\\\/\\\/anti-slip-mat.com\\\/wp-content\\\/uploads\\\/2025\\\/08\\\/CASEI-ECO-SYSTEM-LOGO-1-300x61.png\",\"contentUrl\":\"https:\\\/\\\/anti-slip-mat.com\\\/wp-content\\\/uploads\\\/2025\\\/08\\\/CASEI-ECO-SYSTEM-LOGO-1-300x61.png\"},{\"@type\":\"BreadcrumbList\",\"@id\":\"https:\\\/\\\/anti-slip-mat.com\\\/fr\\\/contactez-nous-demandez-aux-experts-en-tapis-antiderapants\\\/#breadcrumb\",\"itemListElement\":[{\"@type\":\"ListItem\",\"position\":1,\"name\":\"Accueil\",\"item\":\"https:\\\/\\\/anti-slip-mat.com\\\/fr\\\/\"},{\"@type\":\"ListItem\",\"position\":2,\"name\":\"Contactez-nous - Demandez aux experts en tapis antid\u00e9rapants\"}]},{\"@type\":\"WebSite\",\"@id\":\"https:\\\/\\\/anti-slip-mat.com\\\/fr\\\/#website\",\"url\":\"https:\\\/\\\/anti-slip-mat.com\\\/fr\\\/\",\"name\":\"anti-slip-mat.com\",\"description\":\"\",\"publisher\":{\"@id\":\"https:\\\/\\\/anti-slip-mat.com\\\/fr\\\/#organization\"},\"potentialAction\":[{\"@type\":\"SearchAction\",\"target\":{\"@type\":\"EntryPoint\",\"urlTemplate\":\"https:\\\/\\\/anti-slip-mat.com\\\/fr\\\/?s={search_term_string}\"},\"query-input\":{\"@type\":\"PropertyValueSpecification\",\"valueRequired\":true,\"valueName\":\"search_term_string\"}}],\"inLanguage\":\"fr-FR\"},{\"@type\":\"Organization\",\"@id\":\"https:\\\/\\\/anti-slip-mat.com\\\/fr\\\/#organization\",\"name\":\"anti-slip-mat.com\",\"url\":\"https:\\\/\\\/anti-slip-mat.com\\\/fr\\\/\",\"logo\":{\"@type\":\"ImageObject\",\"inLanguage\":\"fr-FR\",\"@id\":\"https:\\\/\\\/anti-slip-mat.com\\\/fr\\\/#\\\/schema\\\/logo\\\/image\\\/\",\"url\":\"https:\\\/\\\/anti-slip-mat.com\\\/wp-content\\\/uploads\\\/2025\\\/08\\\/CASEI-ECO-SYSTEM-LOGO-1-scaled.png\",\"contentUrl\":\"https:\\\/\\\/anti-slip-mat.com\\\/wp-content\\\/uploads\\\/2025\\\/08\\\/CASEI-ECO-SYSTEM-LOGO-1-scaled.png\",\"width\":2560,\"height\":521,\"caption\":\"anti-slip-mat.com\"},\"image\":{\"@id\":\"https:\\\/\\\/anti-slip-mat.com\\\/fr\\\/#\\\/schema\\\/logo\\\/image\\\/\"},\"sameAs\":[\"https:\\\/\\\/www.linkedin.com\\\/company\\\/casei-eco-system-srl\\\/\",\"https:\\\/\\\/www.instagram.com\\\/casei_eco_system\\\/\"]}]}<\/script>\n<!-- \/ Yoast SEO plugin. -->","yoast_head_json":{"title":"Contactez notre \u00e9quipe de sp\u00e9cialistes des tapis antid\u00e9rapants pour des solutions sur mesure","description":"Contactez-nous pour contacter nos experts en tapis antid\u00e9rapants pour des conseils, des devis et une assistance sur la s\u00e9curit\u00e9 des charges et les solutions d'arrimage des cargaisons.","robots":{"index":"index","follow":"follow","max-snippet":"max-snippet:-1","max-image-preview":"max-image-preview:large","max-video-preview":"max-video-preview:-1"},"canonical":"https:\/\/anti-slip-mat.com\/fr\/contactez-nous-demandez-aux-experts-en-tapis-antiderapants\/","og_locale":"fr_FR","og_type":"article","og_title":"Contactez notre \u00e9quipe de sp\u00e9cialistes des tapis antid\u00e9rapants pour des solutions sur mesure","og_description":"Contactez-nous pour contacter nos experts en tapis antid\u00e9rapants pour des conseils, des devis et une assistance sur la s\u00e9curit\u00e9 des charges et les solutions d'arrimage des cargaisons.","og_url":"https:\/\/anti-slip-mat.com\/fr\/contactez-nous-demandez-aux-experts-en-tapis-antiderapants\/","og_site_name":"anti-slip-mat.com","article_modified_time":"2025-10-15T15:26:53+00:00","og_image":[{"url":"https:\/\/anti-slip-mat.com\/wp-content\/uploads\/2025\/08\/CASEI-ECO-SYSTEM-LOGO-1-300x61.png","type":"","width":"","height":""}],"twitter_card":"summary_large_image","twitter_misc":{"Dur\u00e9e de lecture estim\u00e9e":"1 minute"},"schema":{"@context":"https:\/\/schema.org","@graph":[{"@type":"WebPage","@id":"https:\/\/anti-slip-mat.com\/fr\/contactez-nous-demandez-aux-experts-en-tapis-antiderapants\/","url":"https:\/\/anti-slip-mat.com\/fr\/contactez-nous-demandez-aux-experts-en-tapis-antiderapants\/","name":"Contactez notre \u00e9quipe de sp\u00e9cialistes des tapis antid\u00e9rapants pour des solutions sur mesure","isPartOf":{"@id":"https:\/\/anti-slip-mat.com\/fr\/#website"},"primaryImageOfPage":{"@id":"https:\/\/anti-slip-mat.com\/fr\/contactez-nous-demandez-aux-experts-en-tapis-antiderapants\/#primaryimage"},"image":{"@id":"https:\/\/anti-slip-mat.com\/fr\/contactez-nous-demandez-aux-experts-en-tapis-antiderapants\/#primaryimage"},"thumbnailUrl":"https:\/\/anti-slip-mat.com\/wp-content\/uploads\/2025\/08\/CASEI-ECO-SYSTEM-LOGO-1-300x61.png","datePublished":"2025-08-22T10:58:29+00:00","dateModified":"2025-10-15T15:26:53+00:00","description":"Contactez-nous pour contacter nos experts en tapis antid\u00e9rapants pour des conseils, des devis et une assistance sur la s\u00e9curit\u00e9 des charges et les solutions d'arrimage des cargaisons.","breadcrumb":{"@id":"https:\/\/anti-slip-mat.com\/fr\/contactez-nous-demandez-aux-experts-en-tapis-antiderapants\/#breadcrumb"},"inLanguage":"fr-FR","potentialAction":[{"@type":"ReadAction","target":["https:\/\/anti-slip-mat.com\/fr\/contactez-nous-demandez-aux-experts-en-tapis-antiderapants\/"]}]},{"@type":"ImageObject","inLanguage":"fr-FR","@id":"https:\/\/anti-slip-mat.com\/fr\/contactez-nous-demandez-aux-experts-en-tapis-antiderapants\/#primaryimage","url":"https:\/\/anti-slip-mat.com\/wp-content\/uploads\/2025\/08\/CASEI-ECO-SYSTEM-LOGO-1-300x61.png","contentUrl":"https:\/\/anti-slip-mat.com\/wp-content\/uploads\/2025\/08\/CASEI-ECO-SYSTEM-LOGO-1-300x61.png"},{"@type":"BreadcrumbList","@id":"https:\/\/anti-slip-mat.com\/fr\/contactez-nous-demandez-aux-experts-en-tapis-antiderapants\/#breadcrumb","itemListElement":[{"@type":"ListItem","position":1,"name":"Accueil","item":"https:\/\/anti-slip-mat.com\/fr\/"},{"@type":"ListItem","position":2,"name":"Contactez-nous - Demandez aux experts en tapis antid\u00e9rapants"}]},{"@type":"WebSite","@id":"https:\/\/anti-slip-mat.com\/fr\/#website","url":"https:\/\/anti-slip-mat.com\/fr\/","name":"anti-slip-mat.com","description":"","publisher":{"@id":"https:\/\/anti-slip-mat.com\/fr\/#organization"},"potentialAction":[{"@type":"SearchAction","target":{"@type":"EntryPoint","urlTemplate":"https:\/\/anti-slip-mat.com\/fr\/?s={search_term_string}"},"query-input":{"@type":"PropertyValueSpecification","valueRequired":true,"valueName":"search_term_string"}}],"inLanguage":"fr-FR"},{"@type":"Organization","@id":"https:\/\/anti-slip-mat.com\/fr\/#organization","name":"anti-slip-mat.com","url":"https:\/\/anti-slip-mat.com\/fr\/","logo":{"@type":"ImageObject","inLanguage":"fr-FR","@id":"https:\/\/anti-slip-mat.com\/fr\/#\/schema\/logo\/image\/","url":"https:\/\/anti-slip-mat.com\/wp-content\/uploads\/2025\/08\/CASEI-ECO-SYSTEM-LOGO-1-scaled.png","contentUrl":"https:\/\/anti-slip-mat.com\/wp-content\/uploads\/2025\/08\/CASEI-ECO-SYSTEM-LOGO-1-scaled.png","width":2560,"height":521,"caption":"anti-slip-mat.com"},"image":{"@id":"https:\/\/anti-slip-mat.com\/fr\/#\/schema\/logo\/image\/"},"sameAs":["https:\/\/www.linkedin.com\/company\/casei-eco-system-srl\/","https:\/\/www.instagram.com\/casei_eco_system\/"]}]}},"uagb_featured_image_src":{"full":false,"thumbnail":false,"medium":false,"medium_large":false,"large":false,"1536x1536":false,"2048x2048":false},"uagb_author_info":{"display_name":"marketing@caseiecosystem.com","author_link":"https:\/\/anti-slip-mat.com\/fr\/author\/marketingcaseiecosystem-com\/"},"uagb_comment_info":0,"uagb_excerpt":"Pourquoi s&rsquo;adresser \u00e0 Casei Eco-System ? Avec plus de 20 ans d&rsquo;exp\u00e9rience dans les solutions de caoutchouc recycl\u00e9, Casei Eco-System soutient les installateurs, les distributeurs et les soci\u00e9t\u00e9s de logistique \u00e0 travers l&rsquo;Europe. Nos tapis antid\u00e9rapants sont le r\u00e9sultat d&rsquo;une production Made in Italy, alliant s\u00e9curit\u00e9, qualit\u00e9 et prix comp\u00e9titifs. En nous contactant, vous gagnez\u2026","_links":{"self":[{"href":"https:\/\/anti-slip-mat.com\/fr\/wp-json\/wp\/v2\/pages\/1784","targetHints":{"allow":["GET"]}}],"collection":[{"href":"https:\/\/anti-slip-mat.com\/fr\/wp-json\/wp\/v2\/pages"}],"about":[{"href":"https:\/\/anti-slip-mat.com\/fr\/wp-json\/wp\/v2\/types\/page"}],"author":[{"embeddable":true,"href":"https:\/\/anti-slip-mat.com\/fr\/wp-json\/wp\/v2\/users\/1"}],"replies":[{"embeddable":true,"href":"https:\/\/anti-slip-mat.com\/fr\/wp-json\/wp\/v2\/comments?post=1784"}],"version-history":[{"count":2,"href":"https:\/\/anti-slip-mat.com\/fr\/wp-json\/wp\/v2\/pages\/1784\/revisions"}],"predecessor-version":[{"id":2126,"href":"https:\/\/anti-slip-mat.com\/fr\/wp-json\/wp\/v2\/pages\/1784\/revisions\/2126"}],"wp:attachment":[{"href":"https:\/\/anti-slip-mat.com\/fr\/wp-json\/wp\/v2\/media?parent=1784"}],"curies":[{"name":"wp","href":"https:\/\/api.w.org\/{rel}","templated":true}]}}