{"id":2012,"date":"2025-08-26T09:12:23","date_gmt":"2025-08-26T09:12:23","guid":{"rendered":"https:\/\/anti-slip-mat.com\/avisos-legales-privacidad-politica-de-cookies-y-accesibilidad\/"},"modified":"2025-10-15T15:26:51","modified_gmt":"2025-10-15T15:26:51","slug":"avisos-legales-privacidad-politica-de-cookies-y-accesibilidad","status":"publish","type":"page","link":"https:\/\/anti-slip-mat.com\/es\/avisos-legales-privacidad-politica-de-cookies-y-accesibilidad\/","title":{"rendered":"Avisos Legales - Privacidad, Pol\u00edtica de Cookies y Accesibilidad"},"content":{"rendered":"\n<h2 class=\"wp-block-heading has-ast-global-color-0-color has-text-color has-link-color has-large-font-size wp-elements-14c6961d36cfcb89f6fc55136ff7fb9c\">Propiedad e informaci\u00f3n legal<\/h2>\n\n<p>Este micrositio es propiedad de <strong>Casei Eco-System Srl<\/strong> (CIF IT01971050065) y forma parte de la misma entidad corporativa que el sitio web principal <a href=\"https:\/\/www.caseiecosystem.com\">www.caseiecosystem.com.<\/a><\/p>\n\n<p>Para garantizar una total transparencia y coherencia, toda la informaci\u00f3n legal relativa al tratamiento de datos personales, el uso de cookies y las normas de accesibilidad remite a los documentos oficiales publicados en el sitio web principal de la empresa matriz.<\/p>\n\n<p><strong>Las siguientes pol\u00edticas se aplican a este micrositio:<\/strong><br\/><strong>- <a href=\"https:\/\/www.caseiecosystem.com\/en\/privacy-policy\/\"><mark style=\"background-color:rgba(0, 0, 0, 0)\" class=\"has-inline-color has-ast-global-color-0-color\">Pol\u00edtica de privacidad<\/mark><\/a><br\/>- <a href=\"https:\/\/www.caseiecosystem.com\/en\/cookies-policy\/\"><mark style=\"background-color:rgba(0, 0, 0, 0)\" class=\"has-inline-color has-ast-global-color-0-color\">Pol\u00edtica de cookies<\/mark><\/a><br\/>- <a href=\"https:\/\/www.caseiecosystem.com\/en\/accessibility\/\"><mark style=\"background-color:rgba(0, 0, 0, 0)\" class=\"has-inline-color has-ast-global-color-0-color\">Declaraci\u00f3n de accesibilidad<\/mark><\/a><\/strong><\/p>\n\n<p>Las pol\u00edticas mencionadas anteriormente <strong>se aplican \u00edntegramente a este micrositio<\/strong>, ya que el responsable del tratamiento, los m\u00e9todos de tratamiento y los fines son los mismos.<\/p>\n\n<p>Para obtener informaci\u00f3n adicional o aclaraciones, consulta las p\u00e1ginas anteriores o ponte en contacto con Casei Eco-System Srl utilizando los datos disponibles en la p\u00e1gina de <a href=\"https:\/\/anti-slip-mat.com\/es\/contacta-con-nosotros-pregunta-a-los-expertos-en-alfombras-antideslizantes\/\">Contacto<\/a> de este sitio.<\/p>\n\n<p><\/p>\n","protected":false},"excerpt":{"rendered":"<p>Propiedad e informaci\u00f3n legal Este micrositio es propiedad de Casei Eco-System Srl (CIF IT01971050065) y forma parte de la misma entidad corporativa que el sitio web principal www.caseiecosystem.com. Para garantizar una total transparencia y coherencia, toda la informaci\u00f3n legal relativa al tratamiento de datos personales, el uso de cookies y las normas de accesibilidad remite [&hellip;]<\/p>\n","protected":false},"author":1,"featured_media":0,"parent":0,"menu_order":0,"comment_status":"closed","ping_status":"closed","template":"","meta":{"_uag_custom_page_level_css":"","site-sidebar-layout":"default","site-content-layout":"","ast-site-content-layout":"default","site-content-style":"default","site-sidebar-style":"default","ast-global-header-display":"","ast-banner-title-visibility":"","ast-main-header-display":"","ast-hfb-above-header-display":"","ast-hfb-below-header-display":"","ast-hfb-mobile-header-display":"","site-post-title":"","ast-breadcrumbs-content":"","ast-featured-img":"","footer-sml-layout":"","ast-disable-related-posts":"","theme-transparent-header-meta":"","adv-header-id-meta":"","stick-header-meta":"","header-above-stick-meta":"","header-main-stick-meta":"","header-below-stick-meta":"","astra-migrate-meta-layouts":"default","ast-page-background-enabled":"default","ast-page-background-meta":{"desktop":{"background-color":"var(--ast-global-color-4)","background-image":"","background-repeat":"repeat","background-position":"center center","background-size":"auto","background-attachment":"scroll","background-type":"","background-media":"","overlay-type":"","overlay-color":"","overlay-opacity":"","overlay-gradient":""},"tablet":{"background-color":"","background-image":"","background-repeat":"repeat","background-position":"center center","background-size":"auto","background-attachment":"scroll","background-type":"","background-media":"","overlay-type":"","overlay-color":"","overlay-opacity":"","overlay-gradient":""},"mobile":{"background-color":"","background-image":"","background-repeat":"repeat","background-position":"center center","background-size":"auto","background-attachment":"scroll","background-type":"","background-media":"","overlay-type":"","overlay-color":"","overlay-opacity":"","overlay-gradient":""}},"ast-content-background-meta":{"desktop":{"background-color":"var(--ast-global-color-5)","background-image":"","background-repeat":"repeat","background-position":"center center","background-size":"auto","background-attachment":"scroll","background-type":"","background-media":"","overlay-type":"","overlay-color":"","overlay-opacity":"","overlay-gradient":""},"tablet":{"background-color":"var(--ast-global-color-5)","background-image":"","background-repeat":"repeat","background-position":"center center","background-size":"auto","background-attachment":"scroll","background-type":"","background-media":"","overlay-type":"","overlay-color":"","overlay-opacity":"","overlay-gradient":""},"mobile":{"background-color":"var(--ast-global-color-5)","background-image":"","background-repeat":"repeat","background-position":"center center","background-size":"auto","background-attachment":"scroll","background-type":"","background-media":"","overlay-type":"","overlay-color":"","overlay-opacity":"","overlay-gradient":""}},"footnotes":""},"class_list":["post-2012","page","type-page","status-publish","hentry"],"yoast_head":"<!-- This site is optimized with the Yoast SEO plugin v27.4 - https:\/\/yoast.com\/product\/yoast-seo-wordpress\/ -->\n<title>Conoce nuestras pol\u00edticas de privacidad, cookies y accesibilidad<\/title>\n<meta name=\"description\" content=\"Avisos legales con informaci\u00f3n sobre privacidad, pol\u00edtica de cookies y accesibilidad. El Ecosistema Casei garantiza la transparencia y la conformidad de todos los usuarios.\" \/>\n<meta name=\"robots\" content=\"index, follow, max-snippet:-1, max-image-preview:large, max-video-preview:-1\" \/>\n<link rel=\"canonical\" href=\"https:\/\/anti-slip-mat.com\/es\/avisos-legales-privacidad-politica-de-cookies-y-accesibilidad\/\" \/>\n<meta property=\"og:locale\" content=\"es_ES\" \/>\n<meta property=\"og:type\" content=\"article\" \/>\n<meta property=\"og:title\" content=\"Conoce nuestras pol\u00edticas de privacidad, cookies y accesibilidad\" \/>\n<meta property=\"og:description\" content=\"Avisos legales con informaci\u00f3n sobre privacidad, pol\u00edtica de cookies y accesibilidad. El Ecosistema Casei garantiza la transparencia y la conformidad de todos los usuarios.\" \/>\n<meta property=\"og:url\" content=\"https:\/\/anti-slip-mat.com\/es\/avisos-legales-privacidad-politica-de-cookies-y-accesibilidad\/\" \/>\n<meta property=\"og:site_name\" content=\"anti-slip-mat.com\" \/>\n<meta property=\"article:modified_time\" content=\"2025-10-15T15:26:51+00:00\" \/>\n<meta name=\"twitter:card\" content=\"summary_large_image\" \/>\n<meta name=\"twitter:label1\" content=\"Tiempo de lectura\" \/>\n\t<meta name=\"twitter:data1\" content=\"1 minuto\" \/>\n<script type=\"application\/ld+json\" class=\"yoast-schema-graph\">{\"@context\":\"https:\\\/\\\/schema.org\",\"@graph\":[{\"@type\":\"WebPage\",\"@id\":\"https:\\\/\\\/anti-slip-mat.com\\\/es\\\/avisos-legales-privacidad-politica-de-cookies-y-accesibilidad\\\/\",\"url\":\"https:\\\/\\\/anti-slip-mat.com\\\/es\\\/avisos-legales-privacidad-politica-de-cookies-y-accesibilidad\\\/\",\"name\":\"Conoce nuestras pol\u00edticas de privacidad, cookies y accesibilidad\",\"isPartOf\":{\"@id\":\"https:\\\/\\\/anti-slip-mat.com\\\/es\\\/#website\"},\"datePublished\":\"2025-08-26T09:12:23+00:00\",\"dateModified\":\"2025-10-15T15:26:51+00:00\",\"description\":\"Avisos legales con informaci\u00f3n sobre privacidad, pol\u00edtica de cookies y accesibilidad. El Ecosistema Casei garantiza la transparencia y la conformidad de todos los usuarios.\",\"breadcrumb\":{\"@id\":\"https:\\\/\\\/anti-slip-mat.com\\\/es\\\/avisos-legales-privacidad-politica-de-cookies-y-accesibilidad\\\/#breadcrumb\"},\"inLanguage\":\"es\",\"potentialAction\":[{\"@type\":\"ReadAction\",\"target\":[\"https:\\\/\\\/anti-slip-mat.com\\\/es\\\/avisos-legales-privacidad-politica-de-cookies-y-accesibilidad\\\/\"]}]},{\"@type\":\"BreadcrumbList\",\"@id\":\"https:\\\/\\\/anti-slip-mat.com\\\/es\\\/avisos-legales-privacidad-politica-de-cookies-y-accesibilidad\\\/#breadcrumb\",\"itemListElement\":[{\"@type\":\"ListItem\",\"position\":1,\"name\":\"Home\",\"item\":\"https:\\\/\\\/anti-slip-mat.com\\\/es\\\/\"},{\"@type\":\"ListItem\",\"position\":2,\"name\":\"Avisos Legales &#8211; Privacidad, Pol\u00edtica de Cookies y Accesibilidad\"}]},{\"@type\":\"WebSite\",\"@id\":\"https:\\\/\\\/anti-slip-mat.com\\\/es\\\/#website\",\"url\":\"https:\\\/\\\/anti-slip-mat.com\\\/es\\\/\",\"name\":\"anti-slip-mat.com\",\"description\":\"\",\"publisher\":{\"@id\":\"https:\\\/\\\/anti-slip-mat.com\\\/es\\\/#organization\"},\"potentialAction\":[{\"@type\":\"SearchAction\",\"target\":{\"@type\":\"EntryPoint\",\"urlTemplate\":\"https:\\\/\\\/anti-slip-mat.com\\\/es\\\/?s={search_term_string}\"},\"query-input\":{\"@type\":\"PropertyValueSpecification\",\"valueRequired\":true,\"valueName\":\"search_term_string\"}}],\"inLanguage\":\"es\"},{\"@type\":\"Organization\",\"@id\":\"https:\\\/\\\/anti-slip-mat.com\\\/es\\\/#organization\",\"name\":\"alfombrilla-antideslizante.com\",\"url\":\"https:\\\/\\\/anti-slip-mat.com\\\/es\\\/\",\"logo\":{\"@type\":\"ImageObject\",\"inLanguage\":\"es\",\"@id\":\"https:\\\/\\\/anti-slip-mat.com\\\/es\\\/#\\\/schema\\\/logo\\\/image\\\/\",\"url\":\"https:\\\/\\\/anti-slip-mat.com\\\/wp-content\\\/uploads\\\/2025\\\/08\\\/CASEI-ECO-SYSTEM-LOGO-1-scaled.png\",\"contentUrl\":\"https:\\\/\\\/anti-slip-mat.com\\\/wp-content\\\/uploads\\\/2025\\\/08\\\/CASEI-ECO-SYSTEM-LOGO-1-scaled.png\",\"width\":2560,\"height\":521,\"caption\":\"alfombrilla-antideslizante.com\"},\"image\":{\"@id\":\"https:\\\/\\\/anti-slip-mat.com\\\/es\\\/#\\\/schema\\\/logo\\\/image\\\/\"},\"sameAs\":[\"https:\\\/\\\/www.linkedin.com\\\/company\\\/casei-eco-system-srl\\\/\",\"https:\\\/\\\/www.instagram.com\\\/casei_eco_system\\\/\"]}]}<\/script>\n<!-- \/ Yoast SEO plugin. -->","yoast_head_json":{"title":"Conoce nuestras pol\u00edticas de privacidad, cookies y accesibilidad","description":"Avisos legales con informaci\u00f3n sobre privacidad, pol\u00edtica de cookies y accesibilidad. El Ecosistema Casei garantiza la transparencia y la conformidad de todos los usuarios.","robots":{"index":"index","follow":"follow","max-snippet":"max-snippet:-1","max-image-preview":"max-image-preview:large","max-video-preview":"max-video-preview:-1"},"canonical":"https:\/\/anti-slip-mat.com\/es\/avisos-legales-privacidad-politica-de-cookies-y-accesibilidad\/","og_locale":"es_ES","og_type":"article","og_title":"Conoce nuestras pol\u00edticas de privacidad, cookies y accesibilidad","og_description":"Avisos legales con informaci\u00f3n sobre privacidad, pol\u00edtica de cookies y accesibilidad. El Ecosistema Casei garantiza la transparencia y la conformidad de todos los usuarios.","og_url":"https:\/\/anti-slip-mat.com\/es\/avisos-legales-privacidad-politica-de-cookies-y-accesibilidad\/","og_site_name":"anti-slip-mat.com","article_modified_time":"2025-10-15T15:26:51+00:00","twitter_card":"summary_large_image","twitter_misc":{"Tiempo de lectura":"1 minuto"},"schema":{"@context":"https:\/\/schema.org","@graph":[{"@type":"WebPage","@id":"https:\/\/anti-slip-mat.com\/es\/avisos-legales-privacidad-politica-de-cookies-y-accesibilidad\/","url":"https:\/\/anti-slip-mat.com\/es\/avisos-legales-privacidad-politica-de-cookies-y-accesibilidad\/","name":"Conoce nuestras pol\u00edticas de privacidad, cookies y accesibilidad","isPartOf":{"@id":"https:\/\/anti-slip-mat.com\/es\/#website"},"datePublished":"2025-08-26T09:12:23+00:00","dateModified":"2025-10-15T15:26:51+00:00","description":"Avisos legales con informaci\u00f3n sobre privacidad, pol\u00edtica de cookies y accesibilidad. El Ecosistema Casei garantiza la transparencia y la conformidad de todos los usuarios.","breadcrumb":{"@id":"https:\/\/anti-slip-mat.com\/es\/avisos-legales-privacidad-politica-de-cookies-y-accesibilidad\/#breadcrumb"},"inLanguage":"es","potentialAction":[{"@type":"ReadAction","target":["https:\/\/anti-slip-mat.com\/es\/avisos-legales-privacidad-politica-de-cookies-y-accesibilidad\/"]}]},{"@type":"BreadcrumbList","@id":"https:\/\/anti-slip-mat.com\/es\/avisos-legales-privacidad-politica-de-cookies-y-accesibilidad\/#breadcrumb","itemListElement":[{"@type":"ListItem","position":1,"name":"Home","item":"https:\/\/anti-slip-mat.com\/es\/"},{"@type":"ListItem","position":2,"name":"Avisos Legales &#8211; Privacidad, Pol\u00edtica de Cookies y Accesibilidad"}]},{"@type":"WebSite","@id":"https:\/\/anti-slip-mat.com\/es\/#website","url":"https:\/\/anti-slip-mat.com\/es\/","name":"anti-slip-mat.com","description":"","publisher":{"@id":"https:\/\/anti-slip-mat.com\/es\/#organization"},"potentialAction":[{"@type":"SearchAction","target":{"@type":"EntryPoint","urlTemplate":"https:\/\/anti-slip-mat.com\/es\/?s={search_term_string}"},"query-input":{"@type":"PropertyValueSpecification","valueRequired":true,"valueName":"search_term_string"}}],"inLanguage":"es"},{"@type":"Organization","@id":"https:\/\/anti-slip-mat.com\/es\/#organization","name":"alfombrilla-antideslizante.com","url":"https:\/\/anti-slip-mat.com\/es\/","logo":{"@type":"ImageObject","inLanguage":"es","@id":"https:\/\/anti-slip-mat.com\/es\/#\/schema\/logo\/image\/","url":"https:\/\/anti-slip-mat.com\/wp-content\/uploads\/2025\/08\/CASEI-ECO-SYSTEM-LOGO-1-scaled.png","contentUrl":"https:\/\/anti-slip-mat.com\/wp-content\/uploads\/2025\/08\/CASEI-ECO-SYSTEM-LOGO-1-scaled.png","width":2560,"height":521,"caption":"alfombrilla-antideslizante.com"},"image":{"@id":"https:\/\/anti-slip-mat.com\/es\/#\/schema\/logo\/image\/"},"sameAs":["https:\/\/www.linkedin.com\/company\/casei-eco-system-srl\/","https:\/\/www.instagram.com\/casei_eco_system\/"]}]}},"uagb_featured_image_src":{"full":false,"thumbnail":false,"medium":false,"medium_large":false,"large":false,"1536x1536":false,"2048x2048":false},"uagb_author_info":{"display_name":"marketing@caseiecosystem.com","author_link":"https:\/\/anti-slip-mat.com\/es\/author\/marketingcaseiecosystem-com\/"},"uagb_comment_info":0,"uagb_excerpt":"Propiedad e informaci\u00f3n legal Este micrositio es propiedad de Casei Eco-System Srl (CIF IT01971050065) y forma parte de la misma entidad corporativa que el sitio web principal www.caseiecosystem.com. Para garantizar una total transparencia y coherencia, toda la informaci\u00f3n legal relativa al tratamiento de datos personales, el uso de cookies y las normas de accesibilidad remite&hellip;","_links":{"self":[{"href":"https:\/\/anti-slip-mat.com\/es\/wp-json\/wp\/v2\/pages\/2012","targetHints":{"allow":["GET"]}}],"collection":[{"href":"https:\/\/anti-slip-mat.com\/es\/wp-json\/wp\/v2\/pages"}],"about":[{"href":"https:\/\/anti-slip-mat.com\/es\/wp-json\/wp\/v2\/types\/page"}],"author":[{"embeddable":true,"href":"https:\/\/anti-slip-mat.com\/es\/wp-json\/wp\/v2\/users\/1"}],"replies":[{"embeddable":true,"href":"https:\/\/anti-slip-mat.com\/es\/wp-json\/wp\/v2\/comments?post=2012"}],"version-history":[{"count":1,"href":"https:\/\/anti-slip-mat.com\/es\/wp-json\/wp\/v2\/pages\/2012\/revisions"}],"predecessor-version":[{"id":2014,"href":"https:\/\/anti-slip-mat.com\/es\/wp-json\/wp\/v2\/pages\/2012\/revisions\/2014"}],"wp:attachment":[{"href":"https:\/\/anti-slip-mat.com\/es\/wp-json\/wp\/v2\/media?parent=2012"}],"curies":[{"name":"wp","href":"https:\/\/api.w.org\/{rel}","templated":true}]}}