{"id":2009,"date":"2025-08-22T10:58:29","date_gmt":"2025-08-22T10:58:29","guid":{"rendered":"https:\/\/anti-slip-mat.com\/contacta-con-nosotros-pregunta-a-los-expertos-en-alfombras-antideslizantes\/"},"modified":"2025-10-15T15:26:39","modified_gmt":"2025-10-15T15:26:39","slug":"contacta-con-nosotros-pregunta-a-los-expertos-en-alfombras-antideslizantes","status":"publish","type":"page","link":"https:\/\/anti-slip-mat.com\/es\/contacta-con-nosotros-pregunta-a-los-expertos-en-alfombras-antideslizantes\/","title":{"rendered":"Contacta con nosotros - Pregunta a los expertos en alfombras antideslizantes"},"content":{"rendered":"\n<h2 class=\"wp-block-heading has-ast-global-color-0-color has-text-color has-link-color has-large-font-size wp-elements-128cce66689fee3499785f17f2f4a829\">\u00bfPor qu\u00e9 recurrir a Casei Eco-System?<\/h2>\n\n<p>Con m\u00e1s de 20 a\u00f1os de experiencia en soluciones de caucho reciclado, Casei Eco-System presta apoyo a instaladores, distribuidores y empresas de log\u00edstica de toda Europa. Nuestras alfombras antideslizantes son el resultado de la producci\u00f3n Made in Italy, que combina <strong>seguridad<\/strong>, <strong>calidad<\/strong> y <strong>precios competitivos<\/strong>. <\/p>\n\n<p>Al ponerte en contacto con nosotros, ganas:<\/p>\n\n<ul class=\"wp-block-list\">\n<li><strong>Apoyo a medida<\/strong> para tu tipo de carga y necesidades log\u00edsticas espec\u00edficas.<\/li>\n\n\n\n<li><strong>Asistencia r\u00e1pida y fiable<\/strong> para la selecci\u00f3n y env\u00edo de productos.<\/li>\n\n\n\n<li><strong>Soluciones sostenibles<\/strong>, fabricadas con caucho reciclado.<\/li>\n<\/ul>\n\n<div class=\"wp-block-uagb-container uagb-block-9cf18af3 alignfull uagb-is-root-container\"><div class=\"uagb-container-inner-blocks-wrap\">\n<div class=\"wp-block-uagb-container uagb-block-effad734\">\n<div class=\"wp-block-uagb-separator uagb-block-c5b40fbd\"><div class=\"wp-block-uagb-separator__inner\" style=\"--my-background-image:\"><\/div><\/div>\n<\/div>\n\n\n\n<div class=\"wp-block-uagb-container uagb-block-c6ed3bb0\">\n<div class=\"wp-block-uagb-image aligncenter uagb-block-d7513a2d wp-block-uagb-image--layout-default wp-block-uagb-image--effect-static wp-block-uagb-image--align-center\"><figure class=\"wp-block-uagb-image__figure\"><img decoding=\"async\" srcset=\"https:\/\/anti-slip-mat.com\/wp-content\/uploads\/2025\/08\/CASEI-ECO-SYSTEM-LOGO-1-300x61.png ,https:\/\/anti-slip-mat.com\/wp-content\/uploads\/2025\/08\/CASEI-ECO-SYSTEM-LOGO-1-scaled.png 780w, https:\/\/anti-slip-mat.com\/wp-content\/uploads\/2025\/08\/CASEI-ECO-SYSTEM-LOGO-1-scaled.png 360w\" sizes=\"auto, (max-width: 480px) 150px\" src=\"https:\/\/anti-slip-mat.com\/wp-content\/uploads\/2025\/08\/CASEI-ECO-SYSTEM-LOGO-1-300x61.png\" alt=\"\" class=\"uag-image-1265\" width=\"300\" height=\"61\" title=\"ECOSISTEMA CASEI - LOGOTIPO\" loading=\"lazy\" role=\"img\"><\/figure><\/div>\n<\/div>\n\n\n\n<div class=\"wp-block-uagb-container uagb-block-a8af813d\">\n<div class=\"wp-block-uagb-separator uagb-block-1f1efa60\"><div class=\"wp-block-uagb-separator__inner\" style=\"--my-background-image:\"><\/div><\/div>\n<\/div>\n<\/div><\/div>\n\n<h2 class=\"wp-block-heading has-ast-global-color-0-color has-text-color has-link-color has-large-font-size wp-elements-626b51db13f49202f6643c14393cb2d9\">Datos de contacto<\/h2>\n\n<p><strong>Casei Eco-System Srl<\/strong><br\/>N\u00ba IVA - IT01971050065<\/p>\n\n<ul class=\"wp-block-list\">\n<li><strong>Domicilio social:<\/strong><br\/>C.so Italia, 45 - 20122 Milano (MI) - Italia<\/li>\n\n\n\n<li><strong>Planta de producci\u00f3n - Molino<\/strong> dei Torti (AL<strong>):<\/strong><br\/>Via Sorelle Carena, 4 - 15050 Molino dei Torti (AL) - Italia<\/li>\n\n\n\n<li><strong>Planta de producci\u00f3n - Monteprandone<\/strong> (AP<strong>):<\/strong><br\/>Via dell&#8217;Industria, 50 - 63076 Monteprandone (AP) - Italia<\/li>\n<\/ul>\n\n<p><strong>Tel:<\/strong> <a href=\"tel:+390131854022\">+39 0131 854022<\/a><br\/><strong>Correo electr\u00f3nico<\/strong> <a href=\"mailto:%20commerciale@caseiecosystem.com\">info@<\/a><a href=\"mailto:%20info@anti-slip-mat.com\">anti-slip-mat.com<\/a><\/p>\n\n<div class=\"wp-block-uagb-separator uagb-block-5d544829\"><div class=\"uagb-separator-spacing-wrapper\"><div class=\"wp-block-uagb-separator__inner\" style=\"--my-background-image:\"><\/div><\/div><\/div>\n\n<div class=\"wp-block-uagb-call-to-action uagb-block-e3607c54 wp-block-button\"><div class=\"uagb-cta__wrap\"><h3 class=\"uagb-cta__title\">Descubre todos nuestros productos<\/h3><p class=\"uagb-cta__desc\">Desde alfombrillas antideslizantes hasta superficies para parques infantiles y suelos deportivos, Casei Eco-System desarrolla una gama completa de productos de caucho reciclado. Explora nuestra cartera completa. <\/p><\/div><div class=\"uagb-cta__buttons\"><a href=\"https:\/\/www.caseiecosystem.com\/en\/\" class=\"uagb-cta__button-link-wrapper wp-block-button__link\" target=\"_self\" rel=\"noopener noreferrer\">Visita  <\/a><\/div><\/div>\n\n<p><\/p>\n","protected":false},"excerpt":{"rendered":"<p>\u00bfPor qu\u00e9 recurrir a Casei Eco-System? Con m\u00e1s de 20 a\u00f1os de experiencia en soluciones de caucho reciclado, Casei Eco-System presta apoyo a instaladores, distribuidores y empresas de log\u00edstica de toda Europa. Nuestras alfombras antideslizantes son el resultado de la producci\u00f3n Made in Italy, que combina seguridad, calidad y precios competitivos. Al ponerte en contacto [&hellip;]<\/p>\n","protected":false},"author":1,"featured_media":0,"parent":0,"menu_order":0,"comment_status":"closed","ping_status":"closed","template":"","meta":{"_uag_custom_page_level_css":"","site-sidebar-layout":"default","site-content-layout":"","ast-site-content-layout":"default","site-content-style":"default","site-sidebar-style":"default","ast-global-header-display":"","ast-banner-title-visibility":"","ast-main-header-display":"","ast-hfb-above-header-display":"","ast-hfb-below-header-display":"","ast-hfb-mobile-header-display":"","site-post-title":"","ast-breadcrumbs-content":"","ast-featured-img":"","footer-sml-layout":"","ast-disable-related-posts":"","theme-transparent-header-meta":"","adv-header-id-meta":"","stick-header-meta":"","header-above-stick-meta":"","header-main-stick-meta":"","header-below-stick-meta":"","astra-migrate-meta-layouts":"default","ast-page-background-enabled":"default","ast-page-background-meta":{"desktop":{"background-color":"var(--ast-global-color-4)","background-image":"","background-repeat":"repeat","background-position":"center center","background-size":"auto","background-attachment":"scroll","background-type":"","background-media":"","overlay-type":"","overlay-color":"","overlay-opacity":"","overlay-gradient":""},"tablet":{"background-color":"","background-image":"","background-repeat":"repeat","background-position":"center center","background-size":"auto","background-attachment":"scroll","background-type":"","background-media":"","overlay-type":"","overlay-color":"","overlay-opacity":"","overlay-gradient":""},"mobile":{"background-color":"","background-image":"","background-repeat":"repeat","background-position":"center center","background-size":"auto","background-attachment":"scroll","background-type":"","background-media":"","overlay-type":"","overlay-color":"","overlay-opacity":"","overlay-gradient":""}},"ast-content-background-meta":{"desktop":{"background-color":"var(--ast-global-color-5)","background-image":"","background-repeat":"repeat","background-position":"center center","background-size":"auto","background-attachment":"scroll","background-type":"","background-media":"","overlay-type":"","overlay-color":"","overlay-opacity":"","overlay-gradient":""},"tablet":{"background-color":"var(--ast-global-color-5)","background-image":"","background-repeat":"repeat","background-position":"center center","background-size":"auto","background-attachment":"scroll","background-type":"","background-media":"","overlay-type":"","overlay-color":"","overlay-opacity":"","overlay-gradient":""},"mobile":{"background-color":"var(--ast-global-color-5)","background-image":"","background-repeat":"repeat","background-position":"center center","background-size":"auto","background-attachment":"scroll","background-type":"","background-media":"","overlay-type":"","overlay-color":"","overlay-opacity":"","overlay-gradient":""}},"footnotes":""},"class_list":["post-2009","page","type-page","status-publish","hentry"],"yoast_head":"<!-- This site is optimized with the Yoast SEO plugin v27.4 - https:\/\/yoast.com\/product\/yoast-seo-wordpress\/ -->\n<title>Contacta con nuestro equipo de especialistas en alfombras antideslizantes para obtener soluciones a medida<\/title>\n<meta name=\"description\" content=\"Ponte en contacto con nosotros para contactar con nuestros expertos en esteras antideslizantes y obtener asesoramiento, presupuestos y asistencia sobre soluciones de seguridad de cargas y sujeci\u00f3n de cargas.\" \/>\n<meta name=\"robots\" content=\"index, follow, max-snippet:-1, max-image-preview:large, max-video-preview:-1\" \/>\n<link rel=\"canonical\" href=\"https:\/\/anti-slip-mat.com\/es\/contacta-con-nosotros-pregunta-a-los-expertos-en-alfombras-antideslizantes\/\" \/>\n<meta property=\"og:locale\" content=\"es_ES\" \/>\n<meta property=\"og:type\" content=\"article\" \/>\n<meta property=\"og:title\" content=\"Contacta con nuestro equipo de especialistas en alfombras antideslizantes para obtener soluciones a medida\" \/>\n<meta property=\"og:description\" content=\"Ponte en contacto con nosotros para contactar con nuestros expertos en esteras antideslizantes y obtener asesoramiento, presupuestos y asistencia sobre soluciones de seguridad de cargas y sujeci\u00f3n de cargas.\" \/>\n<meta property=\"og:url\" content=\"https:\/\/anti-slip-mat.com\/es\/contacta-con-nosotros-pregunta-a-los-expertos-en-alfombras-antideslizantes\/\" \/>\n<meta property=\"og:site_name\" content=\"anti-slip-mat.com\" \/>\n<meta property=\"article:modified_time\" content=\"2025-10-15T15:26:39+00:00\" \/>\n<meta property=\"og:image\" content=\"https:\/\/anti-slip-mat.com\/wp-content\/uploads\/2025\/08\/CASEI-ECO-SYSTEM-LOGO-1-300x61.png\" \/>\n<meta name=\"twitter:card\" content=\"summary_large_image\" \/>\n<meta name=\"twitter:label1\" content=\"Tiempo de lectura\" \/>\n\t<meta name=\"twitter:data1\" content=\"1 minuto\" \/>\n<script type=\"application\/ld+json\" class=\"yoast-schema-graph\">{\"@context\":\"https:\\\/\\\/schema.org\",\"@graph\":[{\"@type\":\"WebPage\",\"@id\":\"https:\\\/\\\/anti-slip-mat.com\\\/es\\\/contacta-con-nosotros-pregunta-a-los-expertos-en-alfombras-antideslizantes\\\/\",\"url\":\"https:\\\/\\\/anti-slip-mat.com\\\/es\\\/contacta-con-nosotros-pregunta-a-los-expertos-en-alfombras-antideslizantes\\\/\",\"name\":\"Contacta con nuestro equipo de especialistas en alfombras antideslizantes para obtener soluciones a medida\",\"isPartOf\":{\"@id\":\"https:\\\/\\\/anti-slip-mat.com\\\/es\\\/#website\"},\"primaryImageOfPage\":{\"@id\":\"https:\\\/\\\/anti-slip-mat.com\\\/es\\\/contacta-con-nosotros-pregunta-a-los-expertos-en-alfombras-antideslizantes\\\/#primaryimage\"},\"image\":{\"@id\":\"https:\\\/\\\/anti-slip-mat.com\\\/es\\\/contacta-con-nosotros-pregunta-a-los-expertos-en-alfombras-antideslizantes\\\/#primaryimage\"},\"thumbnailUrl\":\"https:\\\/\\\/anti-slip-mat.com\\\/wp-content\\\/uploads\\\/2025\\\/08\\\/CASEI-ECO-SYSTEM-LOGO-1-300x61.png\",\"datePublished\":\"2025-08-22T10:58:29+00:00\",\"dateModified\":\"2025-10-15T15:26:39+00:00\",\"description\":\"Ponte en contacto con nosotros para contactar con nuestros expertos en esteras antideslizantes y obtener asesoramiento, presupuestos y asistencia sobre soluciones de seguridad de cargas y sujeci\u00f3n de cargas.\",\"breadcrumb\":{\"@id\":\"https:\\\/\\\/anti-slip-mat.com\\\/es\\\/contacta-con-nosotros-pregunta-a-los-expertos-en-alfombras-antideslizantes\\\/#breadcrumb\"},\"inLanguage\":\"es\",\"potentialAction\":[{\"@type\":\"ReadAction\",\"target\":[\"https:\\\/\\\/anti-slip-mat.com\\\/es\\\/contacta-con-nosotros-pregunta-a-los-expertos-en-alfombras-antideslizantes\\\/\"]}]},{\"@type\":\"ImageObject\",\"inLanguage\":\"es\",\"@id\":\"https:\\\/\\\/anti-slip-mat.com\\\/es\\\/contacta-con-nosotros-pregunta-a-los-expertos-en-alfombras-antideslizantes\\\/#primaryimage\",\"url\":\"https:\\\/\\\/anti-slip-mat.com\\\/wp-content\\\/uploads\\\/2025\\\/08\\\/CASEI-ECO-SYSTEM-LOGO-1-300x61.png\",\"contentUrl\":\"https:\\\/\\\/anti-slip-mat.com\\\/wp-content\\\/uploads\\\/2025\\\/08\\\/CASEI-ECO-SYSTEM-LOGO-1-300x61.png\"},{\"@type\":\"BreadcrumbList\",\"@id\":\"https:\\\/\\\/anti-slip-mat.com\\\/es\\\/contacta-con-nosotros-pregunta-a-los-expertos-en-alfombras-antideslizantes\\\/#breadcrumb\",\"itemListElement\":[{\"@type\":\"ListItem\",\"position\":1,\"name\":\"Home\",\"item\":\"https:\\\/\\\/anti-slip-mat.com\\\/es\\\/\"},{\"@type\":\"ListItem\",\"position\":2,\"name\":\"Contacta con nosotros - Pregunta a los expertos en alfombras antideslizantes\"}]},{\"@type\":\"WebSite\",\"@id\":\"https:\\\/\\\/anti-slip-mat.com\\\/es\\\/#website\",\"url\":\"https:\\\/\\\/anti-slip-mat.com\\\/es\\\/\",\"name\":\"anti-slip-mat.com\",\"description\":\"\",\"publisher\":{\"@id\":\"https:\\\/\\\/anti-slip-mat.com\\\/es\\\/#organization\"},\"potentialAction\":[{\"@type\":\"SearchAction\",\"target\":{\"@type\":\"EntryPoint\",\"urlTemplate\":\"https:\\\/\\\/anti-slip-mat.com\\\/es\\\/?s={search_term_string}\"},\"query-input\":{\"@type\":\"PropertyValueSpecification\",\"valueRequired\":true,\"valueName\":\"search_term_string\"}}],\"inLanguage\":\"es\"},{\"@type\":\"Organization\",\"@id\":\"https:\\\/\\\/anti-slip-mat.com\\\/es\\\/#organization\",\"name\":\"alfombrilla-antideslizante.com\",\"url\":\"https:\\\/\\\/anti-slip-mat.com\\\/es\\\/\",\"logo\":{\"@type\":\"ImageObject\",\"inLanguage\":\"es\",\"@id\":\"https:\\\/\\\/anti-slip-mat.com\\\/es\\\/#\\\/schema\\\/logo\\\/image\\\/\",\"url\":\"https:\\\/\\\/anti-slip-mat.com\\\/wp-content\\\/uploads\\\/2025\\\/08\\\/CASEI-ECO-SYSTEM-LOGO-1-scaled.png\",\"contentUrl\":\"https:\\\/\\\/anti-slip-mat.com\\\/wp-content\\\/uploads\\\/2025\\\/08\\\/CASEI-ECO-SYSTEM-LOGO-1-scaled.png\",\"width\":2560,\"height\":521,\"caption\":\"alfombrilla-antideslizante.com\"},\"image\":{\"@id\":\"https:\\\/\\\/anti-slip-mat.com\\\/es\\\/#\\\/schema\\\/logo\\\/image\\\/\"},\"sameAs\":[\"https:\\\/\\\/www.linkedin.com\\\/company\\\/casei-eco-system-srl\\\/\",\"https:\\\/\\\/www.instagram.com\\\/casei_eco_system\\\/\"]}]}<\/script>\n<!-- \/ Yoast SEO plugin. -->","yoast_head_json":{"title":"Contacta con nuestro equipo de especialistas en alfombras antideslizantes para obtener soluciones a medida","description":"Ponte en contacto con nosotros para contactar con nuestros expertos en esteras antideslizantes y obtener asesoramiento, presupuestos y asistencia sobre soluciones de seguridad de cargas y sujeci\u00f3n de cargas.","robots":{"index":"index","follow":"follow","max-snippet":"max-snippet:-1","max-image-preview":"max-image-preview:large","max-video-preview":"max-video-preview:-1"},"canonical":"https:\/\/anti-slip-mat.com\/es\/contacta-con-nosotros-pregunta-a-los-expertos-en-alfombras-antideslizantes\/","og_locale":"es_ES","og_type":"article","og_title":"Contacta con nuestro equipo de especialistas en alfombras antideslizantes para obtener soluciones a medida","og_description":"Ponte en contacto con nosotros para contactar con nuestros expertos en esteras antideslizantes y obtener asesoramiento, presupuestos y asistencia sobre soluciones de seguridad de cargas y sujeci\u00f3n de cargas.","og_url":"https:\/\/anti-slip-mat.com\/es\/contacta-con-nosotros-pregunta-a-los-expertos-en-alfombras-antideslizantes\/","og_site_name":"anti-slip-mat.com","article_modified_time":"2025-10-15T15:26:39+00:00","og_image":[{"url":"https:\/\/anti-slip-mat.com\/wp-content\/uploads\/2025\/08\/CASEI-ECO-SYSTEM-LOGO-1-300x61.png","type":"","width":"","height":""}],"twitter_card":"summary_large_image","twitter_misc":{"Tiempo de lectura":"1 minuto"},"schema":{"@context":"https:\/\/schema.org","@graph":[{"@type":"WebPage","@id":"https:\/\/anti-slip-mat.com\/es\/contacta-con-nosotros-pregunta-a-los-expertos-en-alfombras-antideslizantes\/","url":"https:\/\/anti-slip-mat.com\/es\/contacta-con-nosotros-pregunta-a-los-expertos-en-alfombras-antideslizantes\/","name":"Contacta con nuestro equipo de especialistas en alfombras antideslizantes para obtener soluciones a medida","isPartOf":{"@id":"https:\/\/anti-slip-mat.com\/es\/#website"},"primaryImageOfPage":{"@id":"https:\/\/anti-slip-mat.com\/es\/contacta-con-nosotros-pregunta-a-los-expertos-en-alfombras-antideslizantes\/#primaryimage"},"image":{"@id":"https:\/\/anti-slip-mat.com\/es\/contacta-con-nosotros-pregunta-a-los-expertos-en-alfombras-antideslizantes\/#primaryimage"},"thumbnailUrl":"https:\/\/anti-slip-mat.com\/wp-content\/uploads\/2025\/08\/CASEI-ECO-SYSTEM-LOGO-1-300x61.png","datePublished":"2025-08-22T10:58:29+00:00","dateModified":"2025-10-15T15:26:39+00:00","description":"Ponte en contacto con nosotros para contactar con nuestros expertos en esteras antideslizantes y obtener asesoramiento, presupuestos y asistencia sobre soluciones de seguridad de cargas y sujeci\u00f3n de cargas.","breadcrumb":{"@id":"https:\/\/anti-slip-mat.com\/es\/contacta-con-nosotros-pregunta-a-los-expertos-en-alfombras-antideslizantes\/#breadcrumb"},"inLanguage":"es","potentialAction":[{"@type":"ReadAction","target":["https:\/\/anti-slip-mat.com\/es\/contacta-con-nosotros-pregunta-a-los-expertos-en-alfombras-antideslizantes\/"]}]},{"@type":"ImageObject","inLanguage":"es","@id":"https:\/\/anti-slip-mat.com\/es\/contacta-con-nosotros-pregunta-a-los-expertos-en-alfombras-antideslizantes\/#primaryimage","url":"https:\/\/anti-slip-mat.com\/wp-content\/uploads\/2025\/08\/CASEI-ECO-SYSTEM-LOGO-1-300x61.png","contentUrl":"https:\/\/anti-slip-mat.com\/wp-content\/uploads\/2025\/08\/CASEI-ECO-SYSTEM-LOGO-1-300x61.png"},{"@type":"BreadcrumbList","@id":"https:\/\/anti-slip-mat.com\/es\/contacta-con-nosotros-pregunta-a-los-expertos-en-alfombras-antideslizantes\/#breadcrumb","itemListElement":[{"@type":"ListItem","position":1,"name":"Home","item":"https:\/\/anti-slip-mat.com\/es\/"},{"@type":"ListItem","position":2,"name":"Contacta con nosotros - Pregunta a los expertos en alfombras antideslizantes"}]},{"@type":"WebSite","@id":"https:\/\/anti-slip-mat.com\/es\/#website","url":"https:\/\/anti-slip-mat.com\/es\/","name":"anti-slip-mat.com","description":"","publisher":{"@id":"https:\/\/anti-slip-mat.com\/es\/#organization"},"potentialAction":[{"@type":"SearchAction","target":{"@type":"EntryPoint","urlTemplate":"https:\/\/anti-slip-mat.com\/es\/?s={search_term_string}"},"query-input":{"@type":"PropertyValueSpecification","valueRequired":true,"valueName":"search_term_string"}}],"inLanguage":"es"},{"@type":"Organization","@id":"https:\/\/anti-slip-mat.com\/es\/#organization","name":"alfombrilla-antideslizante.com","url":"https:\/\/anti-slip-mat.com\/es\/","logo":{"@type":"ImageObject","inLanguage":"es","@id":"https:\/\/anti-slip-mat.com\/es\/#\/schema\/logo\/image\/","url":"https:\/\/anti-slip-mat.com\/wp-content\/uploads\/2025\/08\/CASEI-ECO-SYSTEM-LOGO-1-scaled.png","contentUrl":"https:\/\/anti-slip-mat.com\/wp-content\/uploads\/2025\/08\/CASEI-ECO-SYSTEM-LOGO-1-scaled.png","width":2560,"height":521,"caption":"alfombrilla-antideslizante.com"},"image":{"@id":"https:\/\/anti-slip-mat.com\/es\/#\/schema\/logo\/image\/"},"sameAs":["https:\/\/www.linkedin.com\/company\/casei-eco-system-srl\/","https:\/\/www.instagram.com\/casei_eco_system\/"]}]}},"uagb_featured_image_src":{"full":false,"thumbnail":false,"medium":false,"medium_large":false,"large":false,"1536x1536":false,"2048x2048":false},"uagb_author_info":{"display_name":"marketing@caseiecosystem.com","author_link":"https:\/\/anti-slip-mat.com\/es\/author\/marketingcaseiecosystem-com\/"},"uagb_comment_info":0,"uagb_excerpt":"\u00bfPor qu\u00e9 recurrir a Casei Eco-System? Con m\u00e1s de 20 a\u00f1os de experiencia en soluciones de caucho reciclado, Casei Eco-System presta apoyo a instaladores, distribuidores y empresas de log\u00edstica de toda Europa. Nuestras alfombras antideslizantes son el resultado de la producci\u00f3n Made in Italy, que combina seguridad, calidad y precios competitivos. Al ponerte en contacto&hellip;","_links":{"self":[{"href":"https:\/\/anti-slip-mat.com\/es\/wp-json\/wp\/v2\/pages\/2009","targetHints":{"allow":["GET"]}}],"collection":[{"href":"https:\/\/anti-slip-mat.com\/es\/wp-json\/wp\/v2\/pages"}],"about":[{"href":"https:\/\/anti-slip-mat.com\/es\/wp-json\/wp\/v2\/types\/page"}],"author":[{"embeddable":true,"href":"https:\/\/anti-slip-mat.com\/es\/wp-json\/wp\/v2\/users\/1"}],"replies":[{"embeddable":true,"href":"https:\/\/anti-slip-mat.com\/es\/wp-json\/wp\/v2\/comments?post=2009"}],"version-history":[{"count":1,"href":"https:\/\/anti-slip-mat.com\/es\/wp-json\/wp\/v2\/pages\/2009\/revisions"}],"predecessor-version":[{"id":2011,"href":"https:\/\/anti-slip-mat.com\/es\/wp-json\/wp\/v2\/pages\/2009\/revisions\/2011"}],"wp:attachment":[{"href":"https:\/\/anti-slip-mat.com\/es\/wp-json\/wp\/v2\/media?parent=2009"}],"curies":[{"name":"wp","href":"https:\/\/api.w.org\/{rel}","templated":true}]}}