{"id":2020,"date":"2025-08-26T09:12:23","date_gmt":"2025-08-26T09:12:23","guid":{"rendered":"https:\/\/anti-slip-mat.com\/rechtliche-hinweise-datenschutz-cookie-richtlinie-und-barrierefreiheit\/"},"modified":"2025-10-15T15:26:52","modified_gmt":"2025-10-15T15:26:52","slug":"rechtliche-hinweise-datenschutz-cookie-richtlinie-und-barrierefreiheit","status":"publish","type":"page","link":"https:\/\/anti-slip-mat.com\/de\/rechtliche-hinweise-datenschutz-cookie-richtlinie-und-barrierefreiheit\/","title":{"rendered":"Rechtliche Hinweise - Datenschutz, Cookie-Richtlinie und Barrierefreiheit"},"content":{"rendered":"\n<h2 class=\"wp-block-heading has-ast-global-color-0-color has-text-color has-link-color has-large-font-size wp-elements-33ea236cbcd5b03a5abb4d1d5dfcfd63\">Eigentumsverh\u00e4ltnisse und rechtliche Informationen<\/h2>\n\n<p>Diese Microsite ist Eigentum von <strong>Casei Eco-System Srl<\/strong> (VAT IT01971050065) und geh\u00f6rt zur selben Unternehmenseinheit wie die Hauptwebsite <a href=\"https:\/\/www.caseiecosystem.com\">www.caseiecosystem.com.<\/a><\/p>\n\n<p>Um vollst\u00e4ndige Transparenz und Konsistenz zu gew\u00e4hrleisten, beziehen sich alle rechtlichen Informationen \u00fcber die Verarbeitung personenbezogener Daten, die Verwendung von Cookies und die Zug\u00e4nglichkeitsstandards auf die offiziellen Dokumente, die auf der Hauptwebsite der Muttergesellschaft ver\u00f6ffentlicht sind.<\/p>\n\n<p><strong>Die folgenden Richtlinien gelten f\u00fcr diese Microsite:<\/strong><br\/><strong>- <a href=\"https:\/\/www.caseiecosystem.com\/en\/privacy-policy\/\"><mark style=\"background-color:rgba(0, 0, 0, 0)\" class=\"has-inline-color has-ast-global-color-0-color\">Datenschutzrichtlinie<\/mark><\/a><br\/>- <a href=\"https:\/\/www.caseiecosystem.com\/en\/cookies-policy\/\"><mark style=\"background-color:rgba(0, 0, 0, 0)\" class=\"has-inline-color has-ast-global-color-0-color\">Cookie-Richtlinie<\/mark><\/a><br\/>- <a href=\"https:\/\/www.caseiecosystem.com\/en\/accessibility\/\"><mark style=\"background-color:rgba(0, 0, 0, 0)\" class=\"has-inline-color has-ast-global-color-0-color\">Erkl\u00e4rung zur Barrierefreiheit<\/mark><\/a><\/strong><\/p>\n\n<p>Die oben genannten Richtlinien <strong>gelten in vollem Umfang f\u00fcr diese Microsite<\/strong>, da der f\u00fcr die Datenverarbeitung Verantwortliche, die Verarbeitungsmethoden und die Zwecke dieselben sind.<\/p>\n\n<p>F\u00fcr weitere Informationen oder Klarstellungen lesen Sie bitte die obigen Seiten oder kontaktieren Sie Casei Eco-System Srl \u00fcber die Kontaktdaten auf der Seite <a href=\"https:\/\/anti-slip-mat.com\/de\/kontaktieren-sie-uns-fragen-sie-die-anti-rutsch-matten-experten\/\">Kontakt&#8220;<\/a> dieser Website.<\/p>\n\n<p><\/p>\n","protected":false},"excerpt":{"rendered":"<p>Eigentumsverh\u00e4ltnisse und rechtliche Informationen Diese Microsite ist Eigentum von Casei Eco-System Srl (VAT IT01971050065) und geh\u00f6rt zur selben Unternehmenseinheit wie die Hauptwebsite www.caseiecosystem.com. Um vollst\u00e4ndige Transparenz und Konsistenz zu gew\u00e4hrleisten, beziehen sich alle rechtlichen Informationen \u00fcber die Verarbeitung personenbezogener Daten, die Verwendung von Cookies und die Zug\u00e4nglichkeitsstandards auf die offiziellen Dokumente, die auf der Hauptwebsite [&hellip;]<\/p>\n","protected":false},"author":1,"featured_media":0,"parent":0,"menu_order":0,"comment_status":"closed","ping_status":"closed","template":"","meta":{"_uag_custom_page_level_css":"","site-sidebar-layout":"default","site-content-layout":"","ast-site-content-layout":"default","site-content-style":"default","site-sidebar-style":"default","ast-global-header-display":"","ast-banner-title-visibility":"","ast-main-header-display":"","ast-hfb-above-header-display":"","ast-hfb-below-header-display":"","ast-hfb-mobile-header-display":"","site-post-title":"","ast-breadcrumbs-content":"","ast-featured-img":"","footer-sml-layout":"","ast-disable-related-posts":"","theme-transparent-header-meta":"","adv-header-id-meta":"","stick-header-meta":"","header-above-stick-meta":"","header-main-stick-meta":"","header-below-stick-meta":"","astra-migrate-meta-layouts":"default","ast-page-background-enabled":"default","ast-page-background-meta":{"desktop":{"background-color":"var(--ast-global-color-4)","background-image":"","background-repeat":"repeat","background-position":"center center","background-size":"auto","background-attachment":"scroll","background-type":"","background-media":"","overlay-type":"","overlay-color":"","overlay-opacity":"","overlay-gradient":""},"tablet":{"background-color":"","background-image":"","background-repeat":"repeat","background-position":"center center","background-size":"auto","background-attachment":"scroll","background-type":"","background-media":"","overlay-type":"","overlay-color":"","overlay-opacity":"","overlay-gradient":""},"mobile":{"background-color":"","background-image":"","background-repeat":"repeat","background-position":"center center","background-size":"auto","background-attachment":"scroll","background-type":"","background-media":"","overlay-type":"","overlay-color":"","overlay-opacity":"","overlay-gradient":""}},"ast-content-background-meta":{"desktop":{"background-color":"var(--ast-global-color-5)","background-image":"","background-repeat":"repeat","background-position":"center center","background-size":"auto","background-attachment":"scroll","background-type":"","background-media":"","overlay-type":"","overlay-color":"","overlay-opacity":"","overlay-gradient":""},"tablet":{"background-color":"var(--ast-global-color-5)","background-image":"","background-repeat":"repeat","background-position":"center center","background-size":"auto","background-attachment":"scroll","background-type":"","background-media":"","overlay-type":"","overlay-color":"","overlay-opacity":"","overlay-gradient":""},"mobile":{"background-color":"var(--ast-global-color-5)","background-image":"","background-repeat":"repeat","background-position":"center center","background-size":"auto","background-attachment":"scroll","background-type":"","background-media":"","overlay-type":"","overlay-color":"","overlay-opacity":"","overlay-gradient":""}},"footnotes":""},"class_list":["post-2020","page","type-page","status-publish","hentry"],"yoast_head":"<!-- This site is optimized with the Yoast SEO plugin v27.4 - https:\/\/yoast.com\/product\/yoast-seo-wordpress\/ -->\n<title>Erfahren Sie mehr \u00fcber unsere Richtlinien zum Datenschutz, zu Cookies und zur Barrierefreiheit<\/title>\n<meta name=\"description\" content=\"Rechtliche Hinweise mit Informationen zum Datenschutz, zur Cookie-Richtlinie und zur Barrierefreiheit. Das Casei Eco-System gew\u00e4hrleistet Transparenz und Compliance f\u00fcr alle Nutzer.\" \/>\n<meta name=\"robots\" content=\"index, follow, max-snippet:-1, max-image-preview:large, max-video-preview:-1\" \/>\n<link rel=\"canonical\" href=\"https:\/\/anti-slip-mat.com\/de\/rechtliche-hinweise-datenschutz-cookie-richtlinie-und-barrierefreiheit\/\" \/>\n<meta property=\"og:locale\" content=\"de_DE\" \/>\n<meta property=\"og:type\" content=\"article\" \/>\n<meta property=\"og:title\" content=\"Erfahren Sie mehr \u00fcber unsere Richtlinien zum Datenschutz, zu Cookies und zur Barrierefreiheit\" \/>\n<meta property=\"og:description\" content=\"Rechtliche Hinweise mit Informationen zum Datenschutz, zur Cookie-Richtlinie und zur Barrierefreiheit. Das Casei Eco-System gew\u00e4hrleistet Transparenz und Compliance f\u00fcr alle Nutzer.\" \/>\n<meta property=\"og:url\" content=\"https:\/\/anti-slip-mat.com\/de\/rechtliche-hinweise-datenschutz-cookie-richtlinie-und-barrierefreiheit\/\" \/>\n<meta property=\"og:site_name\" content=\"anti-slip-mat.com\" \/>\n<meta property=\"article:modified_time\" content=\"2025-10-15T15:26:52+00:00\" \/>\n<meta name=\"twitter:card\" content=\"summary_large_image\" \/>\n<meta name=\"twitter:label1\" content=\"Gesch\u00e4tzte Lesezeit\" \/>\n\t<meta name=\"twitter:data1\" content=\"1 Minute\" \/>\n<script type=\"application\/ld+json\" class=\"yoast-schema-graph\">{\"@context\":\"https:\\\/\\\/schema.org\",\"@graph\":[{\"@type\":\"WebPage\",\"@id\":\"https:\\\/\\\/anti-slip-mat.com\\\/de\\\/rechtliche-hinweise-datenschutz-cookie-richtlinie-und-barrierefreiheit\\\/\",\"url\":\"https:\\\/\\\/anti-slip-mat.com\\\/de\\\/rechtliche-hinweise-datenschutz-cookie-richtlinie-und-barrierefreiheit\\\/\",\"name\":\"Erfahren Sie mehr \u00fcber unsere Richtlinien zum Datenschutz, zu Cookies und zur Barrierefreiheit\",\"isPartOf\":{\"@id\":\"https:\\\/\\\/anti-slip-mat.com\\\/de\\\/#website\"},\"datePublished\":\"2025-08-26T09:12:23+00:00\",\"dateModified\":\"2025-10-15T15:26:52+00:00\",\"description\":\"Rechtliche Hinweise mit Informationen zum Datenschutz, zur Cookie-Richtlinie und zur Barrierefreiheit. Das Casei Eco-System gew\u00e4hrleistet Transparenz und Compliance f\u00fcr alle Nutzer.\",\"breadcrumb\":{\"@id\":\"https:\\\/\\\/anti-slip-mat.com\\\/de\\\/rechtliche-hinweise-datenschutz-cookie-richtlinie-und-barrierefreiheit\\\/#breadcrumb\"},\"inLanguage\":\"de\",\"potentialAction\":[{\"@type\":\"ReadAction\",\"target\":[\"https:\\\/\\\/anti-slip-mat.com\\\/de\\\/rechtliche-hinweise-datenschutz-cookie-richtlinie-und-barrierefreiheit\\\/\"]}]},{\"@type\":\"BreadcrumbList\",\"@id\":\"https:\\\/\\\/anti-slip-mat.com\\\/de\\\/rechtliche-hinweise-datenschutz-cookie-richtlinie-und-barrierefreiheit\\\/#breadcrumb\",\"itemListElement\":[{\"@type\":\"ListItem\",\"position\":1,\"name\":\"Home\",\"item\":\"https:\\\/\\\/anti-slip-mat.com\\\/de\\\/\"},{\"@type\":\"ListItem\",\"position\":2,\"name\":\"Rechtliche Hinweise &#8211; Datenschutz, Cookie-Richtlinie und Barrierefreiheit\"}]},{\"@type\":\"WebSite\",\"@id\":\"https:\\\/\\\/anti-slip-mat.com\\\/de\\\/#website\",\"url\":\"https:\\\/\\\/anti-slip-mat.com\\\/de\\\/\",\"name\":\"anti-slip-mat.com\",\"description\":\"\",\"publisher\":{\"@id\":\"https:\\\/\\\/anti-slip-mat.com\\\/de\\\/#organization\"},\"potentialAction\":[{\"@type\":\"SearchAction\",\"target\":{\"@type\":\"EntryPoint\",\"urlTemplate\":\"https:\\\/\\\/anti-slip-mat.com\\\/de\\\/?s={search_term_string}\"},\"query-input\":{\"@type\":\"PropertyValueSpecification\",\"valueRequired\":true,\"valueName\":\"search_term_string\"}}],\"inLanguage\":\"de\"},{\"@type\":\"Organization\",\"@id\":\"https:\\\/\\\/anti-slip-mat.com\\\/de\\\/#organization\",\"name\":\"Anti-Rutsch-Matte.de\",\"url\":\"https:\\\/\\\/anti-slip-mat.com\\\/de\\\/\",\"logo\":{\"@type\":\"ImageObject\",\"inLanguage\":\"de\",\"@id\":\"https:\\\/\\\/anti-slip-mat.com\\\/de\\\/#\\\/schema\\\/logo\\\/image\\\/\",\"url\":\"https:\\\/\\\/anti-slip-mat.com\\\/wp-content\\\/uploads\\\/2025\\\/08\\\/CASEI-ECO-SYSTEM-LOGO-1-scaled.png\",\"contentUrl\":\"https:\\\/\\\/anti-slip-mat.com\\\/wp-content\\\/uploads\\\/2025\\\/08\\\/CASEI-ECO-SYSTEM-LOGO-1-scaled.png\",\"width\":2560,\"height\":521,\"caption\":\"Anti-Rutsch-Matte.de\"},\"image\":{\"@id\":\"https:\\\/\\\/anti-slip-mat.com\\\/de\\\/#\\\/schema\\\/logo\\\/image\\\/\"},\"sameAs\":[\"https:\\\/\\\/www.linkedin.com\\\/company\\\/casei-eco-system-srl\\\/\",\"https:\\\/\\\/www.instagram.com\\\/casei_eco_system\\\/\"]}]}<\/script>\n<!-- \/ Yoast SEO plugin. -->","yoast_head_json":{"title":"Erfahren Sie mehr \u00fcber unsere Richtlinien zum Datenschutz, zu Cookies und zur Barrierefreiheit","description":"Rechtliche Hinweise mit Informationen zum Datenschutz, zur Cookie-Richtlinie und zur Barrierefreiheit. Das Casei Eco-System gew\u00e4hrleistet Transparenz und Compliance f\u00fcr alle Nutzer.","robots":{"index":"index","follow":"follow","max-snippet":"max-snippet:-1","max-image-preview":"max-image-preview:large","max-video-preview":"max-video-preview:-1"},"canonical":"https:\/\/anti-slip-mat.com\/de\/rechtliche-hinweise-datenschutz-cookie-richtlinie-und-barrierefreiheit\/","og_locale":"de_DE","og_type":"article","og_title":"Erfahren Sie mehr \u00fcber unsere Richtlinien zum Datenschutz, zu Cookies und zur Barrierefreiheit","og_description":"Rechtliche Hinweise mit Informationen zum Datenschutz, zur Cookie-Richtlinie und zur Barrierefreiheit. Das Casei Eco-System gew\u00e4hrleistet Transparenz und Compliance f\u00fcr alle Nutzer.","og_url":"https:\/\/anti-slip-mat.com\/de\/rechtliche-hinweise-datenschutz-cookie-richtlinie-und-barrierefreiheit\/","og_site_name":"anti-slip-mat.com","article_modified_time":"2025-10-15T15:26:52+00:00","twitter_card":"summary_large_image","twitter_misc":{"Gesch\u00e4tzte Lesezeit":"1 Minute"},"schema":{"@context":"https:\/\/schema.org","@graph":[{"@type":"WebPage","@id":"https:\/\/anti-slip-mat.com\/de\/rechtliche-hinweise-datenschutz-cookie-richtlinie-und-barrierefreiheit\/","url":"https:\/\/anti-slip-mat.com\/de\/rechtliche-hinweise-datenschutz-cookie-richtlinie-und-barrierefreiheit\/","name":"Erfahren Sie mehr \u00fcber unsere Richtlinien zum Datenschutz, zu Cookies und zur Barrierefreiheit","isPartOf":{"@id":"https:\/\/anti-slip-mat.com\/de\/#website"},"datePublished":"2025-08-26T09:12:23+00:00","dateModified":"2025-10-15T15:26:52+00:00","description":"Rechtliche Hinweise mit Informationen zum Datenschutz, zur Cookie-Richtlinie und zur Barrierefreiheit. Das Casei Eco-System gew\u00e4hrleistet Transparenz und Compliance f\u00fcr alle Nutzer.","breadcrumb":{"@id":"https:\/\/anti-slip-mat.com\/de\/rechtliche-hinweise-datenschutz-cookie-richtlinie-und-barrierefreiheit\/#breadcrumb"},"inLanguage":"de","potentialAction":[{"@type":"ReadAction","target":["https:\/\/anti-slip-mat.com\/de\/rechtliche-hinweise-datenschutz-cookie-richtlinie-und-barrierefreiheit\/"]}]},{"@type":"BreadcrumbList","@id":"https:\/\/anti-slip-mat.com\/de\/rechtliche-hinweise-datenschutz-cookie-richtlinie-und-barrierefreiheit\/#breadcrumb","itemListElement":[{"@type":"ListItem","position":1,"name":"Home","item":"https:\/\/anti-slip-mat.com\/de\/"},{"@type":"ListItem","position":2,"name":"Rechtliche Hinweise &#8211; Datenschutz, Cookie-Richtlinie und Barrierefreiheit"}]},{"@type":"WebSite","@id":"https:\/\/anti-slip-mat.com\/de\/#website","url":"https:\/\/anti-slip-mat.com\/de\/","name":"anti-slip-mat.com","description":"","publisher":{"@id":"https:\/\/anti-slip-mat.com\/de\/#organization"},"potentialAction":[{"@type":"SearchAction","target":{"@type":"EntryPoint","urlTemplate":"https:\/\/anti-slip-mat.com\/de\/?s={search_term_string}"},"query-input":{"@type":"PropertyValueSpecification","valueRequired":true,"valueName":"search_term_string"}}],"inLanguage":"de"},{"@type":"Organization","@id":"https:\/\/anti-slip-mat.com\/de\/#organization","name":"Anti-Rutsch-Matte.de","url":"https:\/\/anti-slip-mat.com\/de\/","logo":{"@type":"ImageObject","inLanguage":"de","@id":"https:\/\/anti-slip-mat.com\/de\/#\/schema\/logo\/image\/","url":"https:\/\/anti-slip-mat.com\/wp-content\/uploads\/2025\/08\/CASEI-ECO-SYSTEM-LOGO-1-scaled.png","contentUrl":"https:\/\/anti-slip-mat.com\/wp-content\/uploads\/2025\/08\/CASEI-ECO-SYSTEM-LOGO-1-scaled.png","width":2560,"height":521,"caption":"Anti-Rutsch-Matte.de"},"image":{"@id":"https:\/\/anti-slip-mat.com\/de\/#\/schema\/logo\/image\/"},"sameAs":["https:\/\/www.linkedin.com\/company\/casei-eco-system-srl\/","https:\/\/www.instagram.com\/casei_eco_system\/"]}]}},"uagb_featured_image_src":{"full":false,"thumbnail":false,"medium":false,"medium_large":false,"large":false,"1536x1536":false,"2048x2048":false},"uagb_author_info":{"display_name":"marketing@caseiecosystem.com","author_link":"https:\/\/anti-slip-mat.com\/de\/author\/marketingcaseiecosystem-com\/"},"uagb_comment_info":0,"uagb_excerpt":"Eigentumsverh\u00e4ltnisse und rechtliche Informationen Diese Microsite ist Eigentum von Casei Eco-System Srl (VAT IT01971050065) und geh\u00f6rt zur selben Unternehmenseinheit wie die Hauptwebsite www.caseiecosystem.com. Um vollst\u00e4ndige Transparenz und Konsistenz zu gew\u00e4hrleisten, beziehen sich alle rechtlichen Informationen \u00fcber die Verarbeitung personenbezogener Daten, die Verwendung von Cookies und die Zug\u00e4nglichkeitsstandards auf die offiziellen Dokumente, die auf der Hauptwebsite&hellip;","_links":{"self":[{"href":"https:\/\/anti-slip-mat.com\/de\/wp-json\/wp\/v2\/pages\/2020","targetHints":{"allow":["GET"]}}],"collection":[{"href":"https:\/\/anti-slip-mat.com\/de\/wp-json\/wp\/v2\/pages"}],"about":[{"href":"https:\/\/anti-slip-mat.com\/de\/wp-json\/wp\/v2\/types\/page"}],"author":[{"embeddable":true,"href":"https:\/\/anti-slip-mat.com\/de\/wp-json\/wp\/v2\/users\/1"}],"replies":[{"embeddable":true,"href":"https:\/\/anti-slip-mat.com\/de\/wp-json\/wp\/v2\/comments?post=2020"}],"version-history":[{"count":1,"href":"https:\/\/anti-slip-mat.com\/de\/wp-json\/wp\/v2\/pages\/2020\/revisions"}],"predecessor-version":[{"id":2023,"href":"https:\/\/anti-slip-mat.com\/de\/wp-json\/wp\/v2\/pages\/2020\/revisions\/2023"}],"wp:attachment":[{"href":"https:\/\/anti-slip-mat.com\/de\/wp-json\/wp\/v2\/media?parent=2020"}],"curies":[{"name":"wp","href":"https:\/\/api.w.org\/{rel}","templated":true}]}}