{"id":2017,"date":"2025-08-22T10:58:29","date_gmt":"2025-08-22T10:58:29","guid":{"rendered":"https:\/\/anti-slip-mat.com\/kontaktieren-sie-uns-fragen-sie-die-anti-rutsch-matten-experten\/"},"modified":"2025-10-15T15:26:52","modified_gmt":"2025-10-15T15:26:52","slug":"kontaktieren-sie-uns-fragen-sie-die-anti-rutsch-matten-experten","status":"publish","type":"page","link":"https:\/\/anti-slip-mat.com\/de\/kontaktieren-sie-uns-fragen-sie-die-anti-rutsch-matten-experten\/","title":{"rendered":"Kontaktieren Sie uns - Fragen Sie die Anti-Rutsch-Matten-Experten"},"content":{"rendered":"\n<h2 class=\"wp-block-heading has-ast-global-color-0-color has-text-color has-link-color has-large-font-size wp-elements-57ba5e26f830356941d6ec99cc644003\">Warum sollten Sie sich an Casei Eco-System wenden?<\/h2>\n\n<p>Mit mehr als 20 Jahren Erfahrung mit L\u00f6sungen aus recyceltem Gummi unterst\u00fctzt Casei Eco-System Installateure, H\u00e4ndler und Logistikunternehmen in ganz Europa. Unsere Antirutschmatten sind das Ergebnis einer Produktion Made in Italy, die <strong>Sicherheit<\/strong>, <strong>Qualit\u00e4t<\/strong> und <strong>wettbewerbsf\u00e4hige Preise<\/strong> vereint. <\/p>\n\n<p>Wenn Sie mit uns Kontakt aufnehmen, profitieren Sie davon:<\/p>\n\n<ul class=\"wp-block-list\">\n<li><strong>Ma\u00dfgeschneiderte Unterst\u00fctzung<\/strong> f\u00fcr Ihre speziellen Frachtarten und Logistikanforderungen.<\/li>\n\n\n\n<li><strong>Schnelle und zuverl\u00e4ssige Hilfe<\/strong> bei Produktauswahl und Versand.<\/li>\n\n\n\n<li><strong>Nachhaltige L\u00f6sungen<\/strong>, hergestellt aus recyceltem Gummi.<\/li>\n<\/ul>\n\n<div class=\"wp-block-uagb-container uagb-block-9cf18af3 alignfull uagb-is-root-container\"><div class=\"uagb-container-inner-blocks-wrap\">\n<div class=\"wp-block-uagb-container uagb-block-effad734\">\n<div class=\"wp-block-uagb-separator uagb-block-c5b40fbd\"><div class=\"wp-block-uagb-separator__inner\" style=\"--my-background-image:\"><\/div><\/div>\n<\/div>\n\n\n\n<div class=\"wp-block-uagb-container uagb-block-c6ed3bb0\">\n<div class=\"wp-block-uagb-image aligncenter uagb-block-d7513a2d wp-block-uagb-image--layout-default wp-block-uagb-image--effect-static wp-block-uagb-image--align-center\"><figure class=\"wp-block-uagb-image__figure\"><img decoding=\"async\" srcset=\"https:\/\/anti-slip-mat.com\/wp-content\/uploads\/2025\/08\/CASEI-ECO-SYSTEM-LOGO-1-300x61.png ,https:\/\/anti-slip-mat.com\/wp-content\/uploads\/2025\/08\/CASEI-ECO-SYSTEM-LOGO-1-scaled.png 780w, https:\/\/anti-slip-mat.com\/wp-content\/uploads\/2025\/08\/CASEI-ECO-SYSTEM-LOGO-1-scaled.png 360w\" sizes=\"auto, (max-width: 480px) 150px\" src=\"https:\/\/anti-slip-mat.com\/wp-content\/uploads\/2025\/08\/CASEI-ECO-SYSTEM-LOGO-1-300x61.png\" alt=\"\" class=\"uag-image-1265\" width=\"300\" height=\"61\" title=\"CASEI \u00d6KO-SYSTEM - LOGO\" loading=\"lazy\" role=\"img\"><\/figure><\/div>\n<\/div>\n\n\n\n<div class=\"wp-block-uagb-container uagb-block-a8af813d\">\n<div class=\"wp-block-uagb-separator uagb-block-1f1efa60\"><div class=\"wp-block-uagb-separator__inner\" style=\"--my-background-image:\"><\/div><\/div>\n<\/div>\n<\/div><\/div>\n\n<h2 class=\"wp-block-heading has-ast-global-color-0-color has-text-color has-link-color has-large-font-size wp-elements-40a3cb6b529c5960c5f9ed603b02ab94\">Kontakt Details<\/h2>\n\n<p><strong>Casei Eco-System Srl<\/strong><br\/>MwSt.-Nr. - IT01971050065<\/p>\n\n<ul class=\"wp-block-list\">\n<li><strong>Eingetragener Sitz:<\/strong><br\/>C.so Italia, 45 - 20122 Milano (MI) - Italien<\/li>\n\n\n\n<li><strong>Produktionsst\u00e4tte - Molino dei Torti (AL):<\/strong><br\/>Via Sorelle Carena, 4 - 15050 Molino dei Torti (AL) - Italien<\/li>\n\n\n\n<li><strong>Produktionsst\u00e4tte - Monteprandone (AP):<\/strong><br\/>Via dell&#8217;Industria, 50 - 63076 Monteprandone (AP) - Italien<\/li>\n<\/ul>\n\n<p><strong>Telefon:<\/strong> <a href=\"tel:+390131854022\">+39 0131 854022<\/a><br\/><strong>E-Mail:<\/strong> <a href=\"mailto:%20commerciale@caseiecosystem.com\">info@<\/a><a href=\"mailto:%20info@anti-slip-mat.com\">anti-slip-mat.com<\/a><\/p>\n\n<div class=\"wp-block-uagb-separator uagb-block-5d544829\"><div class=\"uagb-separator-spacing-wrapper\"><div class=\"wp-block-uagb-separator__inner\" style=\"--my-background-image:\"><\/div><\/div><\/div>\n\n<div class=\"wp-block-uagb-call-to-action uagb-block-e3607c54 wp-block-button\"><div class=\"uagb-cta__wrap\"><h3 class=\"uagb-cta__title\">Entdecken Sie alle unsere PRODUKTE<\/h3><p class=\"uagb-cta__desc\">Von Antirutschmatten \u00fcber Spielplatzbel\u00e4ge bis hin zu Sportb\u00f6den entwickelt Casei Eco-System eine breite Palette von Produkten aus recyceltem Gummi. Entdecken Sie unser komplettes Portfolio. <\/p><\/div><div class=\"uagb-cta__buttons\"><a href=\"https:\/\/www.caseiecosystem.com\/en\/\" class=\"uagb-cta__button-link-wrapper wp-block-button__link\" target=\"_self\" rel=\"noopener noreferrer\">Besuchen Sie  <\/a><\/div><\/div>\n\n<p><\/p>\n","protected":false},"excerpt":{"rendered":"<p>Warum sollten Sie sich an Casei Eco-System wenden? Mit mehr als 20 Jahren Erfahrung mit L\u00f6sungen aus recyceltem Gummi unterst\u00fctzt Casei Eco-System Installateure, H\u00e4ndler und Logistikunternehmen in ganz Europa. Unsere Antirutschmatten sind das Ergebnis einer Produktion Made in Italy, die Sicherheit, Qualit\u00e4t und wettbewerbsf\u00e4hige Preise vereint. Wenn Sie mit uns Kontakt aufnehmen, profitieren Sie davon: [&hellip;]<\/p>\n","protected":false},"author":1,"featured_media":0,"parent":0,"menu_order":0,"comment_status":"closed","ping_status":"closed","template":"","meta":{"_uag_custom_page_level_css":"","site-sidebar-layout":"default","site-content-layout":"","ast-site-content-layout":"default","site-content-style":"default","site-sidebar-style":"default","ast-global-header-display":"","ast-banner-title-visibility":"","ast-main-header-display":"","ast-hfb-above-header-display":"","ast-hfb-below-header-display":"","ast-hfb-mobile-header-display":"","site-post-title":"","ast-breadcrumbs-content":"","ast-featured-img":"","footer-sml-layout":"","ast-disable-related-posts":"","theme-transparent-header-meta":"","adv-header-id-meta":"","stick-header-meta":"","header-above-stick-meta":"","header-main-stick-meta":"","header-below-stick-meta":"","astra-migrate-meta-layouts":"default","ast-page-background-enabled":"default","ast-page-background-meta":{"desktop":{"background-color":"var(--ast-global-color-4)","background-image":"","background-repeat":"repeat","background-position":"center center","background-size":"auto","background-attachment":"scroll","background-type":"","background-media":"","overlay-type":"","overlay-color":"","overlay-opacity":"","overlay-gradient":""},"tablet":{"background-color":"","background-image":"","background-repeat":"repeat","background-position":"center center","background-size":"auto","background-attachment":"scroll","background-type":"","background-media":"","overlay-type":"","overlay-color":"","overlay-opacity":"","overlay-gradient":""},"mobile":{"background-color":"","background-image":"","background-repeat":"repeat","background-position":"center center","background-size":"auto","background-attachment":"scroll","background-type":"","background-media":"","overlay-type":"","overlay-color":"","overlay-opacity":"","overlay-gradient":""}},"ast-content-background-meta":{"desktop":{"background-color":"var(--ast-global-color-5)","background-image":"","background-repeat":"repeat","background-position":"center center","background-size":"auto","background-attachment":"scroll","background-type":"","background-media":"","overlay-type":"","overlay-color":"","overlay-opacity":"","overlay-gradient":""},"tablet":{"background-color":"var(--ast-global-color-5)","background-image":"","background-repeat":"repeat","background-position":"center center","background-size":"auto","background-attachment":"scroll","background-type":"","background-media":"","overlay-type":"","overlay-color":"","overlay-opacity":"","overlay-gradient":""},"mobile":{"background-color":"var(--ast-global-color-5)","background-image":"","background-repeat":"repeat","background-position":"center center","background-size":"auto","background-attachment":"scroll","background-type":"","background-media":"","overlay-type":"","overlay-color":"","overlay-opacity":"","overlay-gradient":""}},"footnotes":""},"class_list":["post-2017","page","type-page","status-publish","hentry"],"yoast_head":"<!-- This site is optimized with the Yoast SEO plugin v27.4 - https:\/\/yoast.com\/product\/yoast-seo-wordpress\/ -->\n<title>Kontaktieren Sie unser Team von Antirutschmatten-Spezialisten f\u00fcr ma\u00dfgeschneiderte L\u00f6sungen<\/title>\n<meta name=\"description\" content=\"Wenden Sie sich an unsere Experten f\u00fcr Antirutschmatten, wenn Sie Ratschl\u00e4ge, Angebote und Unterst\u00fctzung zu L\u00f6sungen f\u00fcr Ladungssicherheit und Ladungssicherung ben\u00f6tigen.\" \/>\n<meta name=\"robots\" content=\"index, follow, max-snippet:-1, max-image-preview:large, max-video-preview:-1\" \/>\n<link rel=\"canonical\" href=\"https:\/\/anti-slip-mat.com\/de\/kontaktieren-sie-uns-fragen-sie-die-anti-rutsch-matten-experten\/\" \/>\n<meta property=\"og:locale\" content=\"de_DE\" \/>\n<meta property=\"og:type\" content=\"article\" \/>\n<meta property=\"og:title\" content=\"Kontaktieren Sie unser Team von Antirutschmatten-Spezialisten f\u00fcr ma\u00dfgeschneiderte L\u00f6sungen\" \/>\n<meta property=\"og:description\" content=\"Wenden Sie sich an unsere Experten f\u00fcr Antirutschmatten, wenn Sie Ratschl\u00e4ge, Angebote und Unterst\u00fctzung zu L\u00f6sungen f\u00fcr Ladungssicherheit und Ladungssicherung ben\u00f6tigen.\" \/>\n<meta property=\"og:url\" content=\"https:\/\/anti-slip-mat.com\/de\/kontaktieren-sie-uns-fragen-sie-die-anti-rutsch-matten-experten\/\" \/>\n<meta property=\"og:site_name\" content=\"anti-slip-mat.com\" \/>\n<meta property=\"article:modified_time\" content=\"2025-10-15T15:26:52+00:00\" \/>\n<meta property=\"og:image\" content=\"https:\/\/anti-slip-mat.com\/wp-content\/uploads\/2025\/08\/CASEI-ECO-SYSTEM-LOGO-1-300x61.png\" \/>\n<meta name=\"twitter:card\" content=\"summary_large_image\" \/>\n<meta name=\"twitter:label1\" content=\"Gesch\u00e4tzte Lesezeit\" \/>\n\t<meta name=\"twitter:data1\" content=\"1 Minute\" \/>\n<script type=\"application\/ld+json\" class=\"yoast-schema-graph\">{\"@context\":\"https:\\\/\\\/schema.org\",\"@graph\":[{\"@type\":\"WebPage\",\"@id\":\"https:\\\/\\\/anti-slip-mat.com\\\/de\\\/kontaktieren-sie-uns-fragen-sie-die-anti-rutsch-matten-experten\\\/\",\"url\":\"https:\\\/\\\/anti-slip-mat.com\\\/de\\\/kontaktieren-sie-uns-fragen-sie-die-anti-rutsch-matten-experten\\\/\",\"name\":\"Kontaktieren Sie unser Team von Antirutschmatten-Spezialisten f\u00fcr ma\u00dfgeschneiderte L\u00f6sungen\",\"isPartOf\":{\"@id\":\"https:\\\/\\\/anti-slip-mat.com\\\/de\\\/#website\"},\"primaryImageOfPage\":{\"@id\":\"https:\\\/\\\/anti-slip-mat.com\\\/de\\\/kontaktieren-sie-uns-fragen-sie-die-anti-rutsch-matten-experten\\\/#primaryimage\"},\"image\":{\"@id\":\"https:\\\/\\\/anti-slip-mat.com\\\/de\\\/kontaktieren-sie-uns-fragen-sie-die-anti-rutsch-matten-experten\\\/#primaryimage\"},\"thumbnailUrl\":\"https:\\\/\\\/anti-slip-mat.com\\\/wp-content\\\/uploads\\\/2025\\\/08\\\/CASEI-ECO-SYSTEM-LOGO-1-300x61.png\",\"datePublished\":\"2025-08-22T10:58:29+00:00\",\"dateModified\":\"2025-10-15T15:26:52+00:00\",\"description\":\"Wenden Sie sich an unsere Experten f\u00fcr Antirutschmatten, wenn Sie Ratschl\u00e4ge, Angebote und Unterst\u00fctzung zu L\u00f6sungen f\u00fcr Ladungssicherheit und Ladungssicherung ben\u00f6tigen.\",\"breadcrumb\":{\"@id\":\"https:\\\/\\\/anti-slip-mat.com\\\/de\\\/kontaktieren-sie-uns-fragen-sie-die-anti-rutsch-matten-experten\\\/#breadcrumb\"},\"inLanguage\":\"de\",\"potentialAction\":[{\"@type\":\"ReadAction\",\"target\":[\"https:\\\/\\\/anti-slip-mat.com\\\/de\\\/kontaktieren-sie-uns-fragen-sie-die-anti-rutsch-matten-experten\\\/\"]}]},{\"@type\":\"ImageObject\",\"inLanguage\":\"de\",\"@id\":\"https:\\\/\\\/anti-slip-mat.com\\\/de\\\/kontaktieren-sie-uns-fragen-sie-die-anti-rutsch-matten-experten\\\/#primaryimage\",\"url\":\"https:\\\/\\\/anti-slip-mat.com\\\/wp-content\\\/uploads\\\/2025\\\/08\\\/CASEI-ECO-SYSTEM-LOGO-1-300x61.png\",\"contentUrl\":\"https:\\\/\\\/anti-slip-mat.com\\\/wp-content\\\/uploads\\\/2025\\\/08\\\/CASEI-ECO-SYSTEM-LOGO-1-300x61.png\"},{\"@type\":\"BreadcrumbList\",\"@id\":\"https:\\\/\\\/anti-slip-mat.com\\\/de\\\/kontaktieren-sie-uns-fragen-sie-die-anti-rutsch-matten-experten\\\/#breadcrumb\",\"itemListElement\":[{\"@type\":\"ListItem\",\"position\":1,\"name\":\"Home\",\"item\":\"https:\\\/\\\/anti-slip-mat.com\\\/de\\\/\"},{\"@type\":\"ListItem\",\"position\":2,\"name\":\"Kontaktieren Sie uns - Fragen Sie die Anti-Rutsch-Matten-Experten\"}]},{\"@type\":\"WebSite\",\"@id\":\"https:\\\/\\\/anti-slip-mat.com\\\/de\\\/#website\",\"url\":\"https:\\\/\\\/anti-slip-mat.com\\\/de\\\/\",\"name\":\"anti-slip-mat.com\",\"description\":\"\",\"publisher\":{\"@id\":\"https:\\\/\\\/anti-slip-mat.com\\\/de\\\/#organization\"},\"potentialAction\":[{\"@type\":\"SearchAction\",\"target\":{\"@type\":\"EntryPoint\",\"urlTemplate\":\"https:\\\/\\\/anti-slip-mat.com\\\/de\\\/?s={search_term_string}\"},\"query-input\":{\"@type\":\"PropertyValueSpecification\",\"valueRequired\":true,\"valueName\":\"search_term_string\"}}],\"inLanguage\":\"de\"},{\"@type\":\"Organization\",\"@id\":\"https:\\\/\\\/anti-slip-mat.com\\\/de\\\/#organization\",\"name\":\"Anti-Rutsch-Matte.de\",\"url\":\"https:\\\/\\\/anti-slip-mat.com\\\/de\\\/\",\"logo\":{\"@type\":\"ImageObject\",\"inLanguage\":\"de\",\"@id\":\"https:\\\/\\\/anti-slip-mat.com\\\/de\\\/#\\\/schema\\\/logo\\\/image\\\/\",\"url\":\"https:\\\/\\\/anti-slip-mat.com\\\/wp-content\\\/uploads\\\/2025\\\/08\\\/CASEI-ECO-SYSTEM-LOGO-1-scaled.png\",\"contentUrl\":\"https:\\\/\\\/anti-slip-mat.com\\\/wp-content\\\/uploads\\\/2025\\\/08\\\/CASEI-ECO-SYSTEM-LOGO-1-scaled.png\",\"width\":2560,\"height\":521,\"caption\":\"Anti-Rutsch-Matte.de\"},\"image\":{\"@id\":\"https:\\\/\\\/anti-slip-mat.com\\\/de\\\/#\\\/schema\\\/logo\\\/image\\\/\"},\"sameAs\":[\"https:\\\/\\\/www.linkedin.com\\\/company\\\/casei-eco-system-srl\\\/\",\"https:\\\/\\\/www.instagram.com\\\/casei_eco_system\\\/\"]}]}<\/script>\n<!-- \/ Yoast SEO plugin. -->","yoast_head_json":{"title":"Kontaktieren Sie unser Team von Antirutschmatten-Spezialisten f\u00fcr ma\u00dfgeschneiderte L\u00f6sungen","description":"Wenden Sie sich an unsere Experten f\u00fcr Antirutschmatten, wenn Sie Ratschl\u00e4ge, Angebote und Unterst\u00fctzung zu L\u00f6sungen f\u00fcr Ladungssicherheit und Ladungssicherung ben\u00f6tigen.","robots":{"index":"index","follow":"follow","max-snippet":"max-snippet:-1","max-image-preview":"max-image-preview:large","max-video-preview":"max-video-preview:-1"},"canonical":"https:\/\/anti-slip-mat.com\/de\/kontaktieren-sie-uns-fragen-sie-die-anti-rutsch-matten-experten\/","og_locale":"de_DE","og_type":"article","og_title":"Kontaktieren Sie unser Team von Antirutschmatten-Spezialisten f\u00fcr ma\u00dfgeschneiderte L\u00f6sungen","og_description":"Wenden Sie sich an unsere Experten f\u00fcr Antirutschmatten, wenn Sie Ratschl\u00e4ge, Angebote und Unterst\u00fctzung zu L\u00f6sungen f\u00fcr Ladungssicherheit und Ladungssicherung ben\u00f6tigen.","og_url":"https:\/\/anti-slip-mat.com\/de\/kontaktieren-sie-uns-fragen-sie-die-anti-rutsch-matten-experten\/","og_site_name":"anti-slip-mat.com","article_modified_time":"2025-10-15T15:26:52+00:00","og_image":[{"url":"https:\/\/anti-slip-mat.com\/wp-content\/uploads\/2025\/08\/CASEI-ECO-SYSTEM-LOGO-1-300x61.png","type":"","width":"","height":""}],"twitter_card":"summary_large_image","twitter_misc":{"Gesch\u00e4tzte Lesezeit":"1 Minute"},"schema":{"@context":"https:\/\/schema.org","@graph":[{"@type":"WebPage","@id":"https:\/\/anti-slip-mat.com\/de\/kontaktieren-sie-uns-fragen-sie-die-anti-rutsch-matten-experten\/","url":"https:\/\/anti-slip-mat.com\/de\/kontaktieren-sie-uns-fragen-sie-die-anti-rutsch-matten-experten\/","name":"Kontaktieren Sie unser Team von Antirutschmatten-Spezialisten f\u00fcr ma\u00dfgeschneiderte L\u00f6sungen","isPartOf":{"@id":"https:\/\/anti-slip-mat.com\/de\/#website"},"primaryImageOfPage":{"@id":"https:\/\/anti-slip-mat.com\/de\/kontaktieren-sie-uns-fragen-sie-die-anti-rutsch-matten-experten\/#primaryimage"},"image":{"@id":"https:\/\/anti-slip-mat.com\/de\/kontaktieren-sie-uns-fragen-sie-die-anti-rutsch-matten-experten\/#primaryimage"},"thumbnailUrl":"https:\/\/anti-slip-mat.com\/wp-content\/uploads\/2025\/08\/CASEI-ECO-SYSTEM-LOGO-1-300x61.png","datePublished":"2025-08-22T10:58:29+00:00","dateModified":"2025-10-15T15:26:52+00:00","description":"Wenden Sie sich an unsere Experten f\u00fcr Antirutschmatten, wenn Sie Ratschl\u00e4ge, Angebote und Unterst\u00fctzung zu L\u00f6sungen f\u00fcr Ladungssicherheit und Ladungssicherung ben\u00f6tigen.","breadcrumb":{"@id":"https:\/\/anti-slip-mat.com\/de\/kontaktieren-sie-uns-fragen-sie-die-anti-rutsch-matten-experten\/#breadcrumb"},"inLanguage":"de","potentialAction":[{"@type":"ReadAction","target":["https:\/\/anti-slip-mat.com\/de\/kontaktieren-sie-uns-fragen-sie-die-anti-rutsch-matten-experten\/"]}]},{"@type":"ImageObject","inLanguage":"de","@id":"https:\/\/anti-slip-mat.com\/de\/kontaktieren-sie-uns-fragen-sie-die-anti-rutsch-matten-experten\/#primaryimage","url":"https:\/\/anti-slip-mat.com\/wp-content\/uploads\/2025\/08\/CASEI-ECO-SYSTEM-LOGO-1-300x61.png","contentUrl":"https:\/\/anti-slip-mat.com\/wp-content\/uploads\/2025\/08\/CASEI-ECO-SYSTEM-LOGO-1-300x61.png"},{"@type":"BreadcrumbList","@id":"https:\/\/anti-slip-mat.com\/de\/kontaktieren-sie-uns-fragen-sie-die-anti-rutsch-matten-experten\/#breadcrumb","itemListElement":[{"@type":"ListItem","position":1,"name":"Home","item":"https:\/\/anti-slip-mat.com\/de\/"},{"@type":"ListItem","position":2,"name":"Kontaktieren Sie uns - Fragen Sie die Anti-Rutsch-Matten-Experten"}]},{"@type":"WebSite","@id":"https:\/\/anti-slip-mat.com\/de\/#website","url":"https:\/\/anti-slip-mat.com\/de\/","name":"anti-slip-mat.com","description":"","publisher":{"@id":"https:\/\/anti-slip-mat.com\/de\/#organization"},"potentialAction":[{"@type":"SearchAction","target":{"@type":"EntryPoint","urlTemplate":"https:\/\/anti-slip-mat.com\/de\/?s={search_term_string}"},"query-input":{"@type":"PropertyValueSpecification","valueRequired":true,"valueName":"search_term_string"}}],"inLanguage":"de"},{"@type":"Organization","@id":"https:\/\/anti-slip-mat.com\/de\/#organization","name":"Anti-Rutsch-Matte.de","url":"https:\/\/anti-slip-mat.com\/de\/","logo":{"@type":"ImageObject","inLanguage":"de","@id":"https:\/\/anti-slip-mat.com\/de\/#\/schema\/logo\/image\/","url":"https:\/\/anti-slip-mat.com\/wp-content\/uploads\/2025\/08\/CASEI-ECO-SYSTEM-LOGO-1-scaled.png","contentUrl":"https:\/\/anti-slip-mat.com\/wp-content\/uploads\/2025\/08\/CASEI-ECO-SYSTEM-LOGO-1-scaled.png","width":2560,"height":521,"caption":"Anti-Rutsch-Matte.de"},"image":{"@id":"https:\/\/anti-slip-mat.com\/de\/#\/schema\/logo\/image\/"},"sameAs":["https:\/\/www.linkedin.com\/company\/casei-eco-system-srl\/","https:\/\/www.instagram.com\/casei_eco_system\/"]}]}},"uagb_featured_image_src":{"full":false,"thumbnail":false,"medium":false,"medium_large":false,"large":false,"1536x1536":false,"2048x2048":false},"uagb_author_info":{"display_name":"marketing@caseiecosystem.com","author_link":"https:\/\/anti-slip-mat.com\/de\/author\/marketingcaseiecosystem-com\/"},"uagb_comment_info":0,"uagb_excerpt":"Warum sollten Sie sich an Casei Eco-System wenden? Mit mehr als 20 Jahren Erfahrung mit L\u00f6sungen aus recyceltem Gummi unterst\u00fctzt Casei Eco-System Installateure, H\u00e4ndler und Logistikunternehmen in ganz Europa. Unsere Antirutschmatten sind das Ergebnis einer Produktion Made in Italy, die Sicherheit, Qualit\u00e4t und wettbewerbsf\u00e4hige Preise vereint. Wenn Sie mit uns Kontakt aufnehmen, profitieren Sie davon:&hellip;","_links":{"self":[{"href":"https:\/\/anti-slip-mat.com\/de\/wp-json\/wp\/v2\/pages\/2017","targetHints":{"allow":["GET"]}}],"collection":[{"href":"https:\/\/anti-slip-mat.com\/de\/wp-json\/wp\/v2\/pages"}],"about":[{"href":"https:\/\/anti-slip-mat.com\/de\/wp-json\/wp\/v2\/types\/page"}],"author":[{"embeddable":true,"href":"https:\/\/anti-slip-mat.com\/de\/wp-json\/wp\/v2\/users\/1"}],"replies":[{"embeddable":true,"href":"https:\/\/anti-slip-mat.com\/de\/wp-json\/wp\/v2\/comments?post=2017"}],"version-history":[{"count":1,"href":"https:\/\/anti-slip-mat.com\/de\/wp-json\/wp\/v2\/pages\/2017\/revisions"}],"predecessor-version":[{"id":2019,"href":"https:\/\/anti-slip-mat.com\/de\/wp-json\/wp\/v2\/pages\/2017\/revisions\/2019"}],"wp:attachment":[{"href":"https:\/\/anti-slip-mat.com\/de\/wp-json\/wp\/v2\/media?parent=2017"}],"curies":[{"name":"wp","href":"https:\/\/api.w.org\/{rel}","templated":true}]}}